{"id":139,"date":"2019-06-20T12:47:22","date_gmt":"2019-06-20T10:47:22","guid":{"rendered":"\/bognerhof\/?page_id=139"},"modified":"2020-05-25T20:38:15","modified_gmt":"2020-05-25T18:38:15","slug":"gastgeber","status":"publish","type":"page","link":"https:\/\/www.urlaub-am-bognerhof.at\/de\/wohnen\/gastgeber\/","title":{"rendered":"Gastgeber"},"content":{"rendered":"\t\t<div data-elementor-type=\"wp-page\" data-elementor-id=\"139\" class=\"elementor elementor-139\" data-elementor-post-type=\"page\">\n\t\t\t\t\t\t<section class=\"elementor-section elementor-top-section elementor-element elementor-element-0fa6b6c elementor-section-boxed elementor-section-height-default elementor-section-height-default\" data-id=\"0fa6b6c\" data-element_type=\"section\">\n\t\t\t\t\t\t<div class=\"elementor-container elementor-column-gap-default\">\n\t\t\t\t\t<div class=\"elementor-column elementor-col-100 elementor-top-column elementor-element elementor-element-b6e3f16\" data-id=\"b6e3f16\" data-element_type=\"column\">\n\t\t\t<div class=\"elementor-widget-wrap elementor-element-populated\">\n\t\t\t\t\t\t<div class=\"elementor-element elementor-element-ceb06c3 elementor-widget elementor-widget-text-editor\" data-id=\"ceb06c3\" data-element_type=\"widget\" data-widget_type=\"text-editor.default\">\n\t\t\t\t<div class=\"elementor-widget-container\">\n\t\t\t\t\t\t\t<h1>Authentischer Urlaub am Bauernhof<\/h1>\n<h2>Familienurlab bei Familie Gr\u00fcnwald<\/h2>\n\nRupert und Nora haben sich so einiges einfallen lassen, damit Ihr Urlaub ein rundum tolles Erlebnis wird. Ganz klar, dass Ihre Gastgeber auch die erste Anlaufstelle sind, wenn es um Ausk\u00fcnfte und Tipps in der Umgebung geht. Als Eltern von Sarah und Michi sind die beiden aber auch fit in Sachen Familienurlaub. Viel Spa\u00df!\n\t\t\t\t\t\t<\/div>\n\t\t\t\t<\/div>\n\t\t\t\t\t<\/div>\n\t\t<\/div>\n\t\t\t\t\t<\/div>\n\t\t<\/section>\n\t\t\t\t<section class=\"elementor-section elementor-inner-section elementor-element elementor-element-112fedc4 elementor-reverse-tablet elementor-reverse-mobile elementor-section-boxed elementor-section-height-default elementor-section-height-default\" data-id=\"112fedc4\" data-element_type=\"section\">\n\t\t\t\t\t\t<div class=\"elementor-container elementor-column-gap-default\">\n\t\t\t\t\t<div class=\"elementor-column elementor-col-50 elementor-inner-column elementor-element elementor-element-3bab4500\" data-id=\"3bab4500\" data-element_type=\"column\">\n\t\t\t<div class=\"elementor-widget-wrap elementor-element-populated\">\n\t\t\t\t\t\t<div class=\"elementor-element elementor-element-6a6afac7 elementor-widget elementor-widget-image\" data-id=\"6a6afac7\" data-element_type=\"widget\" data-widget_type=\"image.default\">\n\t\t\t\t<div class=\"elementor-widget-container\">\n\t\t\t\t\t\t\t\t\t\t\t\t\t<img fetchpriority=\"high\" decoding=\"async\" width=\"700\" height=\"467\" src=\"https:\/\/www.urlaub-am-bognerhof.at\/wp-content\/uploads\/2019\/06\/bognerhof-urlaub-st-veit-ferienwohnung-chalet-4-700x467.jpg\" class=\"attachment-large size-large wp-image-220\" alt=\"bognerhof urlaub st veit ferienwohnung chalet\" srcset=\"https:\/\/www.urlaub-am-bognerhof.at\/wp-content\/uploads\/2019\/06\/bognerhof-urlaub-st-veit-ferienwohnung-chalet-4-700x467.jpg 700w, https:\/\/www.urlaub-am-bognerhof.at\/wp-content\/uploads\/2019\/06\/bognerhof-urlaub-st-veit-ferienwohnung-chalet-4-250x167.jpg 250w, https:\/\/www.urlaub-am-bognerhof.at\/wp-content\/uploads\/2019\/06\/bognerhof-urlaub-st-veit-ferienwohnung-chalet-4-768x512.jpg 768w, https:\/\/www.urlaub-am-bognerhof.at\/wp-content\/uploads\/2019\/06\/bognerhof-urlaub-st-veit-ferienwohnung-chalet-4-120x80.jpg 120w, https:\/\/www.urlaub-am-bognerhof.at\/wp-content\/uploads\/2019\/06\/bognerhof-urlaub-st-veit-ferienwohnung-chalet-4.jpg 1200w\" sizes=\"(max-width: 700px) 100vw, 700px\" \/>\t\t\t\t\t\t\t\t\t\t\t\t\t<\/div>\n\t\t\t\t<\/div>\n\t\t\t\t\t<\/div>\n\t\t<\/div>\n\t\t\t\t<div class=\"elementor-column elementor-col-50 elementor-inner-column elementor-element elementor-element-e9f83dd\" data-id=\"e9f83dd\" data-element_type=\"column\">\n\t\t\t<div class=\"elementor-widget-wrap elementor-element-populated\">\n\t\t\t\t\t\t<div class=\"elementor-element elementor-element-4d318b16 elementor-widget elementor-widget-text-editor\" data-id=\"4d318b16\" data-element_type=\"widget\" data-widget_type=\"text-editor.default\">\n\t\t\t\t<div class=\"elementor-widget-container\">\n\t\t\t\t\t\t\t<h3>Urlaub f\u00fcr Gro\u00df und Klein<\/h3>\nWandern Sie \u00fcber Almen, besteigen Sie hohe Gipfel, spielen Sie eine Runde Tischtennis. Erleben Sie am Bio-Bauernhof auch das Leben der Tiere hautnah mit: die lieben Ponys Charlie und Lotti, die Hasen, H\u00fchner, K\u00fche und K\u00e4lber. Sarah und Michi, die Kinder von Rupert und Nora, machen auch gerne einen Hofrundgang mit Ihnen.\n\t\t\t\t\t\t<\/div>\n\t\t\t\t<\/div>\n\t\t\t\t\t<\/div>\n\t\t<\/div>\n\t\t\t\t\t<\/div>\n\t\t<\/section>\n\t\t\t\t<section class=\"elementor-section elementor-inner-section elementor-element elementor-element-5bb5b8c5 elementor-section-boxed elementor-section-height-default elementor-section-height-default\" data-id=\"5bb5b8c5\" data-element_type=\"section\">\n\t\t\t\t\t\t<div class=\"elementor-container elementor-column-gap-default\">\n\t\t\t\t\t<div class=\"elementor-column elementor-col-50 elementor-inner-column elementor-element elementor-element-5817a9f6\" data-id=\"5817a9f6\" data-element_type=\"column\">\n\t\t\t<div class=\"elementor-widget-wrap elementor-element-populated\">\n\t\t\t\t\t\t<div class=\"elementor-element elementor-element-5f588643 elementor-widget elementor-widget-text-editor\" data-id=\"5f588643\" data-element_type=\"widget\" data-widget_type=\"text-editor.default\">\n\t\t\t\t<div class=\"elementor-widget-container\">\n\t\t\t\t\t\t\t<h3>Highlight f\u00fcr die Gro\u00dfen<\/h3>\nNeben den zahlreichen Aktivit\u00e4ten in und rund um St. Veit, bieten Ihnen Rupert und Nora aber auch ein ganz besonderes Highlight vor Ort. Verkosten Sie die edlen Tropfen der hauseigenen Schnapsbrennerei und nehmen Sie diese auch gleich als Urlaubsmitbringsel f\u00fcr die Liebsten daheim mit nach Hause.\t\t\t\t\t\t<\/div>\n\t\t\t\t<\/div>\n\t\t\t\t\t<\/div>\n\t\t<\/div>\n\t\t\t\t<div class=\"elementor-column elementor-col-50 elementor-inner-column elementor-element elementor-element-60f05c0d\" data-id=\"60f05c0d\" data-element_type=\"column\">\n\t\t\t<div class=\"elementor-widget-wrap elementor-element-populated\">\n\t\t\t\t\t\t<div class=\"elementor-element elementor-element-7741bb38 elementor-widget elementor-widget-image\" data-id=\"7741bb38\" data-element_type=\"widget\" data-widget_type=\"image.default\">\n\t\t\t\t<div class=\"elementor-widget-container\">\n\t\t\t\t\t\t\t\t\t\t\t\t\t<img decoding=\"async\" width=\"700\" height=\"467\" src=\"https:\/\/www.urlaub-am-bognerhof.at\/wp-content\/uploads\/2019\/06\/bognerhof-urlaub-st-veit-ferienwohnung-chalet-3-700x467.jpg\" class=\"attachment-large size-large wp-image-218\" alt=\"bognerhof urlaub st veit ferienwohnung chalet\" srcset=\"https:\/\/www.urlaub-am-bognerhof.at\/wp-content\/uploads\/2019\/06\/bognerhof-urlaub-st-veit-ferienwohnung-chalet-3-700x467.jpg 700w, https:\/\/www.urlaub-am-bognerhof.at\/wp-content\/uploads\/2019\/06\/bognerhof-urlaub-st-veit-ferienwohnung-chalet-3-250x167.jpg 250w, https:\/\/www.urlaub-am-bognerhof.at\/wp-content\/uploads\/2019\/06\/bognerhof-urlaub-st-veit-ferienwohnung-chalet-3-768x512.jpg 768w, https:\/\/www.urlaub-am-bognerhof.at\/wp-content\/uploads\/2019\/06\/bognerhof-urlaub-st-veit-ferienwohnung-chalet-3-120x80.jpg 120w, https:\/\/www.urlaub-am-bognerhof.at\/wp-content\/uploads\/2019\/06\/bognerhof-urlaub-st-veit-ferienwohnung-chalet-3.jpg 1200w\" sizes=\"(max-width: 700px) 100vw, 700px\" \/>\t\t\t\t\t\t\t\t\t\t\t\t\t<\/div>\n\t\t\t\t<\/div>\n\t\t\t\t\t<\/div>\n\t\t<\/div>\n\t\t\t\t\t<\/div>\n\t\t<\/section>\n\t\t\t\t<section class=\"elementor-section elementor-top-section elementor-element elementor-element-0fa0c9f elementor-section-boxed elementor-section-height-default elementor-section-height-default\" data-id=\"0fa0c9f\" data-element_type=\"section\">\n\t\t\t\t\t\t<div class=\"elementor-container elementor-column-gap-default\">\n\t\t\t\t\t<div class=\"elementor-column elementor-col-100 elementor-top-column elementor-element elementor-element-8dbec0a\" data-id=\"8dbec0a\" data-element_type=\"column\">\n\t\t\t<div class=\"elementor-widget-wrap elementor-element-populated\">\n\t\t\t\t\t\t<div class=\"elementor-element elementor-element-51b9e18 elementor-widget elementor-widget-text-editor\" data-id=\"51b9e18\" data-element_type=\"widget\" data-widget_type=\"text-editor.default\">\n\t\t\t\t<div class=\"elementor-widget-container\">\n\t\t\t\t\t\t\t<p>Lust auf Urlaub am Bognerhof? Stellen Sie noch heute Ihre unverbindliche Urlaubsanfrage!<\/p>\t\t\t\t\t\t<\/div>\n\t\t\t\t<\/div>\n\t\t\t\t<div class=\"elementor-element elementor-element-4e7a2c8 elementor-align-left elementor-widget elementor-widget-button\" data-id=\"4e7a2c8\" data-element_type=\"widget\" data-widget_type=\"button.default\">\n\t\t\t\t<div class=\"elementor-widget-container\">\n\t\t\t\t\t<div class=\"elementor-button-wrapper\">\n\t\t\t<a class=\"elementor-button elementor-button-link elementor-size-sm\" href=\"https:\/\/www.urlaub-am-bognerhof.at\/anfrage\/\">\n\t\t\t\t\t\t<span class=\"elementor-button-content-wrapper\">\n\t\t\t\t\t\t\t\t\t<span class=\"elementor-button-text\">JETZT ANFRAGEN<\/span>\n\t\t\t\t\t<\/span>\n\t\t\t\t\t<\/a>\n\t\t<\/div>\n\t\t\t\t<\/div>\n\t\t\t\t<\/div>\n\t\t\t\t\t<\/div>\n\t\t<\/div>\n\t\t\t\t\t<\/div>\n\t\t<\/section>\n\t\t\t\t<section class=\"elementor-section elementor-top-section elementor-element elementor-element-43a0e3e elementor-section-boxed elementor-section-height-default elementor-section-height-default\" data-id=\"43a0e3e\" data-element_type=\"section\">\n\t\t\t\t\t\t<div class=\"elementor-container elementor-column-gap-default\">\n\t\t\t\t\t<div class=\"elementor-column elementor-col-100 elementor-top-column elementor-element elementor-element-bf265ff\" data-id=\"bf265ff\" data-element_type=\"column\">\n\t\t\t<div class=\"elementor-widget-wrap elementor-element-populated\">\n\t\t\t\t\t\t<div class=\"elementor-element elementor-element-0616c10 elementor-widget elementor-widget-gallery\" data-id=\"0616c10\" data-element_type=\"widget\" data-settings=\"{&quot;lazyload&quot;:&quot;yes&quot;,&quot;gallery_layout&quot;:&quot;grid&quot;,&quot;columns&quot;:4,&quot;columns_tablet&quot;:2,&quot;columns_mobile&quot;:1,&quot;gap&quot;:{&quot;unit&quot;:&quot;px&quot;,&quot;size&quot;:10,&quot;sizes&quot;:[]},&quot;gap_tablet&quot;:{&quot;unit&quot;:&quot;px&quot;,&quot;size&quot;:10,&quot;sizes&quot;:[]},&quot;gap_mobile&quot;:{&quot;unit&quot;:&quot;px&quot;,&quot;size&quot;:10,&quot;sizes&quot;:[]},&quot;link_to&quot;:&quot;file&quot;,&quot;aspect_ratio&quot;:&quot;3:2&quot;,&quot;overlay_background&quot;:&quot;yes&quot;,&quot;content_hover_animation&quot;:&quot;fade-in&quot;}\" data-widget_type=\"gallery.default\">\n\t\t\t\t<div class=\"elementor-widget-container\">\n\t\t\t\t\t<div class=\"elementor-gallery__container\">\n\t\t\t\t\t\t\t<a class=\"e-gallery-item elementor-gallery-item elementor-animated-content\" href=\"https:\/\/www.urlaub-am-bognerhof.at\/wp-content\/uploads\/2019\/10\/GN2A3582-e1572798844131.jpg\" data-elementor-open-lightbox=\"yes\" data-elementor-lightbox-slideshow=\"0616c10\" data-elementor-lightbox-title=\"chalet_bognerhof-schnaps\" data-e-action-hash=\"#elementor-action%3Aaction%3Dlightbox%26settings%3DeyJpZCI6Nzk5LCJ1cmwiOiJodHRwczpcL1wvd3d3LnVybGF1Yi1hbS1ib2duZXJob2YuYXRcL3dwLWNvbnRlbnRcL3VwbG9hZHNcLzIwMTlcLzEwXC9HTjJBMzU4Mi1lMTU3Mjc5ODg0NDEzMS5qcGciLCJzbGlkZXNob3ciOiIwNjE2YzEwIn0%3D\">\n\t\t\t\t\t<div class=\"e-gallery-image elementor-gallery-item__image\" data-thumbnail=\"https:\/\/www.urlaub-am-bognerhof.at\/wp-content\/uploads\/2019\/10\/GN2A3582-e1572798844131-250x167.jpg\" data-width=\"250\" data-height=\"167\" aria-label=\"GNA e\" role=\"img\" ><\/div>\n\t\t\t\t\t\t\t\t\t\t\t<div class=\"elementor-gallery-item__overlay\"><\/div>\n\t\t\t\t\t\t\t\t\t\t\t\t\t\t<\/a>\n\t\t\t\t\t\t\t<a class=\"e-gallery-item elementor-gallery-item elementor-animated-content\" href=\"https:\/\/www.urlaub-am-bognerhof.at\/wp-content\/uploads\/2019\/06\/bognerhof-urlaub-st-veit-ferienwohnung-chalet.jpg\" data-elementor-open-lightbox=\"yes\" data-elementor-lightbox-slideshow=\"0616c10\" data-elementor-lightbox-title=\"bognerhof-urlaub-st-veit-ferienwohnung-chalet\" data-e-action-hash=\"#elementor-action%3Aaction%3Dlightbox%26settings%3DeyJpZCI6MjEyLCJ1cmwiOiJodHRwczpcL1wvd3d3LnVybGF1Yi1hbS1ib2duZXJob2YuYXRcL3dwLWNvbnRlbnRcL3VwbG9hZHNcLzIwMTlcLzA2XC9ib2duZXJob2YtdXJsYXViLXN0LXZlaXQtZmVyaWVud29obnVuZy1jaGFsZXQuanBnIiwic2xpZGVzaG93IjoiMDYxNmMxMCJ9\">\n\t\t\t\t\t<div class=\"e-gallery-image elementor-gallery-item__image\" data-thumbnail=\"https:\/\/www.urlaub-am-bognerhof.at\/wp-content\/uploads\/2019\/06\/bognerhof-urlaub-st-veit-ferienwohnung-chalet-250x167.jpg\" data-width=\"250\" data-height=\"167\" aria-label=\"bognerhof urlaub st veit ferienwohnung chalet\" role=\"img\" ><\/div>\n\t\t\t\t\t\t\t\t\t\t\t<div class=\"elementor-gallery-item__overlay\"><\/div>\n\t\t\t\t\t\t\t\t\t\t\t\t\t\t<\/a>\n\t\t\t\t\t\t\t<a class=\"e-gallery-item elementor-gallery-item elementor-animated-content\" href=\"https:\/\/www.urlaub-am-bognerhof.at\/wp-content\/uploads\/2019\/10\/GN2A3555-e1572800325797.jpg\" data-elementor-open-lightbox=\"yes\" data-elementor-lightbox-slideshow=\"0616c10\" data-elementor-lightbox-title=\"bognerhof_schnaps\" data-e-action-hash=\"#elementor-action%3Aaction%3Dlightbox%26settings%3DeyJpZCI6ODAyLCJ1cmwiOiJodHRwczpcL1wvd3d3LnVybGF1Yi1hbS1ib2duZXJob2YuYXRcL3dwLWNvbnRlbnRcL3VwbG9hZHNcLzIwMTlcLzEwXC9HTjJBMzU1NS1lMTU3MjgwMDMyNTc5Ny5qcGciLCJzbGlkZXNob3ciOiIwNjE2YzEwIn0%3D\">\n\t\t\t\t\t<div class=\"e-gallery-image elementor-gallery-item__image\" data-thumbnail=\"https:\/\/www.urlaub-am-bognerhof.at\/wp-content\/uploads\/2019\/10\/GN2A3555-e1572800325797-250x167.jpg\" data-width=\"250\" data-height=\"167\" aria-label=\"GNA e\" role=\"img\" ><\/div>\n\t\t\t\t\t\t\t\t\t\t\t<div class=\"elementor-gallery-item__overlay\"><\/div>\n\t\t\t\t\t\t\t\t\t\t\t\t\t\t<\/a>\n\t\t\t\t\t\t\t<a class=\"e-gallery-item elementor-gallery-item elementor-animated-content\" href=\"https:\/\/www.urlaub-am-bognerhof.at\/wp-content\/uploads\/2019\/06\/bognerhof-urlaub-st-veit-ferienwohnung-chalet-8.jpg\" data-elementor-open-lightbox=\"yes\" data-elementor-lightbox-slideshow=\"0616c10\" data-elementor-lightbox-title=\"bognerhof-urlaub-st-veit-ferienwohnung-chalet-8\" data-e-action-hash=\"#elementor-action%3Aaction%3Dlightbox%26settings%3DeyJpZCI6MjM3LCJ1cmwiOiJodHRwczpcL1wvd3d3LnVybGF1Yi1hbS1ib2duZXJob2YuYXRcL3dwLWNvbnRlbnRcL3VwbG9hZHNcLzIwMTlcLzA2XC9ib2duZXJob2YtdXJsYXViLXN0LXZlaXQtZmVyaWVud29obnVuZy1jaGFsZXQtOC5qcGciLCJzbGlkZXNob3ciOiIwNjE2YzEwIn0%3D\">\n\t\t\t\t\t<div class=\"e-gallery-image elementor-gallery-item__image\" data-thumbnail=\"https:\/\/www.urlaub-am-bognerhof.at\/wp-content\/uploads\/2019\/06\/bognerhof-urlaub-st-veit-ferienwohnung-chalet-8-250x167.jpg\" data-width=\"250\" data-height=\"167\" aria-label=\"bognerhof urlaub st veit ferienwohnung chalet\" role=\"img\" ><\/div>\n\t\t\t\t\t\t\t\t\t\t\t<div class=\"elementor-gallery-item__overlay\"><\/div>\n\t\t\t\t\t\t\t\t\t\t\t\t\t\t<\/a>\n\t\t\t\t\t\t\t<a class=\"e-gallery-item elementor-gallery-item elementor-animated-content\" href=\"https:\/\/www.urlaub-am-bognerhof.at\/wp-content\/uploads\/2019\/06\/bognerhof-urlaub-st-veit-ferienwohnung-chalet-6.jpg\" data-elementor-open-lightbox=\"yes\" data-elementor-lightbox-slideshow=\"0616c10\" data-elementor-lightbox-title=\"bognerhof-urlaub-st-veit-ferienwohnung-chalet-6\" data-e-action-hash=\"#elementor-action%3Aaction%3Dlightbox%26settings%3DeyJpZCI6MjI2LCJ1cmwiOiJodHRwczpcL1wvd3d3LnVybGF1Yi1hbS1ib2duZXJob2YuYXRcL3dwLWNvbnRlbnRcL3VwbG9hZHNcLzIwMTlcLzA2XC9ib2duZXJob2YtdXJsYXViLXN0LXZlaXQtZmVyaWVud29obnVuZy1jaGFsZXQtNi5qcGciLCJzbGlkZXNob3ciOiIwNjE2YzEwIn0%3D\">\n\t\t\t\t\t<div class=\"e-gallery-image elementor-gallery-item__image\" data-thumbnail=\"https:\/\/www.urlaub-am-bognerhof.at\/wp-content\/uploads\/2019\/06\/bognerhof-urlaub-st-veit-ferienwohnung-chalet-6-250x167.jpg\" data-width=\"250\" data-height=\"167\" aria-label=\"bognerhof urlaub st veit ferienwohnung chalet\" role=\"img\" ><\/div>\n\t\t\t\t\t\t\t\t\t\t\t<div class=\"elementor-gallery-item__overlay\"><\/div>\n\t\t\t\t\t\t\t\t\t\t\t\t\t\t<\/a>\n\t\t\t\t\t\t\t<a class=\"e-gallery-item elementor-gallery-item elementor-animated-content\" href=\"https:\/\/www.urlaub-am-bognerhof.at\/wp-content\/uploads\/2019\/06\/bognerhof-urlaub-st-veit-ferienwohnung-chalet-7.jpg\" data-elementor-open-lightbox=\"yes\" data-elementor-lightbox-slideshow=\"0616c10\" data-elementor-lightbox-title=\"bognerhof-urlaub-st-veit-ferienwohnung-chalet-7\" data-e-action-hash=\"#elementor-action%3Aaction%3Dlightbox%26settings%3DeyJpZCI6MjM1LCJ1cmwiOiJodHRwczpcL1wvd3d3LnVybGF1Yi1hbS1ib2duZXJob2YuYXRcL3dwLWNvbnRlbnRcL3VwbG9hZHNcLzIwMTlcLzA2XC9ib2duZXJob2YtdXJsYXViLXN0LXZlaXQtZmVyaWVud29obnVuZy1jaGFsZXQtNy5qcGciLCJzbGlkZXNob3ciOiIwNjE2YzEwIn0%3D\">\n\t\t\t\t\t<div class=\"e-gallery-image elementor-gallery-item__image\" data-thumbnail=\"https:\/\/www.urlaub-am-bognerhof.at\/wp-content\/uploads\/2019\/06\/bognerhof-urlaub-st-veit-ferienwohnung-chalet-7-250x167.jpg\" data-width=\"250\" data-height=\"167\" aria-label=\"bognerhof urlaub st veit ferienwohnung chalet\" role=\"img\" ><\/div>\n\t\t\t\t\t\t\t\t\t\t\t<div class=\"elementor-gallery-item__overlay\"><\/div>\n\t\t\t\t\t\t\t\t\t\t\t\t\t\t<\/a>\n\t\t\t\t\t<\/div>\n\t\t\t<\/div>\n\t\t\t\t<\/div>\n\t\t\t\t\t<\/div>\n\t\t<\/div>\n\t\t\t\t\t<\/div>\n\t\t<\/section>\n\t\t\t\t<\/div>\n\t\t","protected":false},"excerpt":{"rendered":"Authentischer Urlaub am Bauernhof Familienurlab bei Familie Gr\u00fcnwald Rupert und Nora haben sich so einiges einfallen lassen, damit Ihr Urlaub ein rundum tolles Erlebnis wird. Ganz klar, dass Ihre Gastgeber auch die erste Anlaufstelle sind, wenn es um Ausk\u00fcnfte und Tipps in der Umgebung geht. Als Eltern von Sarah und Michi sind die beiden aber&#8230; <a class=\"view-article\" href=\"https:\/\/www.urlaub-am-bognerhof.at\/de\/wohnen\/gastgeber\/\">Artikel ansehen<\/a>","protected":false},"author":86,"featured_media":0,"parent":20,"menu_order":2,"comment_status":"closed","ping_status":"closed","template":"","meta":[],"_links":{"self":[{"href":"https:\/\/www.urlaub-am-bognerhof.at\/de\/wp-json\/wp\/v2\/pages\/139"}],"collection":[{"href":"https:\/\/www.urlaub-am-bognerhof.at\/de\/wp-json\/wp\/v2\/pages"}],"about":[{"href":"https:\/\/www.urlaub-am-bognerhof.at\/de\/wp-json\/wp\/v2\/types\/page"}],"author":[{"embeddable":true,"href":"https:\/\/www.urlaub-am-bognerhof.at\/de\/wp-json\/wp\/v2\/users\/86"}],"replies":[{"embeddable":true,"href":"https:\/\/www.urlaub-am-bognerhof.at\/de\/wp-json\/wp\/v2\/comments?post=139"}],"version-history":[{"count":0,"href":"https:\/\/www.urlaub-am-bognerhof.at\/de\/wp-json\/wp\/v2\/pages\/139\/revisions"}],"up":[{"embeddable":true,"href":"https:\/\/www.urlaub-am-bognerhof.at\/de\/wp-json\/wp\/v2\/pages\/20"}],"wp:attachment":[{"href":"https:\/\/www.urlaub-am-bognerhof.at\/de\/wp-json\/wp\/v2\/media?parent=139"}],"curies":[{"name":"wp","href":"https:\/\/api.w.org\/{rel}","templated":true}]}}