{"id":18,"date":"2019-06-09T10:29:25","date_gmt":"2019-06-09T08:29:25","guid":{"rendered":"\/bognerhof\/?page_id=18"},"modified":"2024-06-06T12:35:11","modified_gmt":"2024-06-06T10:35:11","slug":"home","status":"publish","type":"page","link":"https:\/\/www.urlaub-am-bognerhof.at\/de\/","title":{"rendered":"Home"},"content":{"rendered":"\t\t<div data-elementor-type=\"wp-page\" data-elementor-id=\"18\" class=\"elementor elementor-18\" data-elementor-post-type=\"page\">\n\t\t\t\t\t\t<section class=\"elementor-section elementor-top-section elementor-element elementor-element-78e9a86 elementor-section-boxed elementor-section-height-default elementor-section-height-default\" data-id=\"78e9a86\" data-element_type=\"section\">\n\t\t\t\t\t\t<div class=\"elementor-container elementor-column-gap-default\">\n\t\t\t\t\t<div class=\"elementor-column elementor-col-100 elementor-top-column elementor-element elementor-element-da6e981\" data-id=\"da6e981\" data-element_type=\"column\">\n\t\t\t<div class=\"elementor-widget-wrap elementor-element-populated\">\n\t\t\t\t\t\t<div class=\"elementor-element elementor-element-868ca53 elementor-widget elementor-widget-text-editor\" data-id=\"868ca53\" data-element_type=\"widget\" data-widget_type=\"text-editor.default\">\n\t\t\t\t<div class=\"elementor-widget-container\">\n\t\t\t\t\t\t\t<h1>Ferienwohnungen &amp; Chalet nahe<br \/>St. Johann im Pongau<\/h1><h2>Urlaub am Bio-Bauernhof in St. Veit inmitten der Salzburger Sonnenterrasse<\/h2><p>Mittendrin im Wander- und Skigebiet genie\u00dfen Sie gemeinsam mit Familie oder Freunden aktive und erholsame Urlaubstage. Rupert und Nora Gr\u00fcnwald bieten Ihnen eine gem\u00fctliche, bestens ausgestattete Ferienwohnung sowie ein komplett neu renoviertes, exklusives Ferienhaus am Bio-Bauernhof in St. Veit f\u00fcr Ihren sch\u00f6nsten Urlaub an. Finden Sie noch heute Ihr perfektes Urlaubsangebot!<\/p>\t\t\t\t\t\t<\/div>\n\t\t\t\t<\/div>\n\t\t\t\t<section class=\"elementor-section elementor-inner-section elementor-element elementor-element-44d589a elementor-reverse-tablet elementor-reverse-mobile elementor-section-boxed elementor-section-height-default elementor-section-height-default\" data-id=\"44d589a\" data-element_type=\"section\">\n\t\t\t\t\t\t<div class=\"elementor-container elementor-column-gap-default\">\n\t\t\t\t\t<div class=\"elementor-column elementor-col-50 elementor-inner-column elementor-element elementor-element-dbabf16\" data-id=\"dbabf16\" data-element_type=\"column\">\n\t\t\t<div class=\"elementor-widget-wrap elementor-element-populated\">\n\t\t\t\t\t\t<div class=\"elementor-element elementor-element-1f7dfe5 elementor-widget elementor-widget-image\" data-id=\"1f7dfe5\" data-element_type=\"widget\" data-widget_type=\"image.default\">\n\t\t\t\t<div class=\"elementor-widget-container\">\n\t\t\t\t\t\t\t\t\t\t\t\t\t<img fetchpriority=\"high\" decoding=\"async\" width=\"700\" height=\"500\" src=\"https:\/\/www.urlaub-am-bognerhof.at\/wp-content\/uploads\/2019\/06\/DJI_0330-700x500.jpg\" class=\"attachment-large size-large wp-image-1456\" alt=\"DJI  scaled\" srcset=\"https:\/\/www.urlaub-am-bognerhof.at\/wp-content\/uploads\/2019\/06\/DJI_0330-700x500.jpg 700w, https:\/\/www.urlaub-am-bognerhof.at\/wp-content\/uploads\/2019\/06\/DJI_0330-250x179.jpg 250w, https:\/\/www.urlaub-am-bognerhof.at\/wp-content\/uploads\/2019\/06\/DJI_0330-768x549.jpg 768w, https:\/\/www.urlaub-am-bognerhof.at\/wp-content\/uploads\/2019\/06\/DJI_0330-1536x1097.jpg 1536w, https:\/\/www.urlaub-am-bognerhof.at\/wp-content\/uploads\/2019\/06\/DJI_0330-2048x1463.jpg 2048w, https:\/\/www.urlaub-am-bognerhof.at\/wp-content\/uploads\/2019\/06\/DJI_0330-120x86.jpg 120w\" sizes=\"(max-width: 700px) 100vw, 700px\" \/>\t\t\t\t\t\t\t\t\t\t\t\t\t<\/div>\n\t\t\t\t<\/div>\n\t\t\t\t\t<\/div>\n\t\t<\/div>\n\t\t\t\t<div class=\"elementor-column elementor-col-50 elementor-inner-column elementor-element elementor-element-4f689bd\" data-id=\"4f689bd\" data-element_type=\"column\">\n\t\t\t<div class=\"elementor-widget-wrap elementor-element-populated\">\n\t\t\t\t\t\t<div class=\"elementor-element elementor-element-244c90d text elementor-widget elementor-widget-text-editor\" data-id=\"244c90d\" data-element_type=\"widget\" data-widget_type=\"text-editor.default\">\n\t\t\t\t<div class=\"elementor-widget-container\">\n\t\t\t\t\t\t\t<h3>Ihre Unterkunft: gro\u00df &amp; sonnig<\/h3><p>Genie\u00dfen Sie Ihren Urlaub in unserer gem\u00fctlich und liebevoll eingerichteten <a href=\"\/bognerhof\/wohnen\/ferienwohnung\/\">Ferienwohnung<\/a> f\u00fcr 4 bis 6 Personen mit eigener Terrasse im Gr\u00fcnen oder im authentischen <a href=\"\/bognerhof\/wohnen\/chalet\/\">Chalet<\/a>, ebenso mit Panoramablick f\u00fcr bis zu 12 Personen.<\/p>\t\t\t\t\t\t<\/div>\n\t\t\t\t<\/div>\n\t\t\t\t<div class=\"elementor-element elementor-element-e86f24a elementor-align-left elementor-widget elementor-widget-button\" data-id=\"e86f24a\" data-element_type=\"widget\" data-widget_type=\"button.default\">\n\t\t\t\t<div class=\"elementor-widget-container\">\n\t\t\t\t\t<div class=\"elementor-button-wrapper\">\n\t\t\t<a class=\"elementor-button elementor-button-link elementor-size-sm\" href=\"https:\/\/www.urlaub-am-bognerhof.at\/wohnen\/\">\n\t\t\t\t\t\t<span class=\"elementor-button-content-wrapper\">\n\t\t\t\t\t\t\t\t\t<span class=\"elementor-button-text\">UNTERK\u00dcNFTE ENTDECKEN<\/span>\n\t\t\t\t\t<\/span>\n\t\t\t\t\t<\/a>\n\t\t<\/div>\n\t\t\t\t<\/div>\n\t\t\t\t<\/div>\n\t\t\t\t\t<\/div>\n\t\t<\/div>\n\t\t\t\t\t<\/div>\n\t\t<\/section>\n\t\t\t\t<section class=\"elementor-section elementor-inner-section elementor-element elementor-element-cc02811 elementor-section-boxed elementor-section-height-default elementor-section-height-default\" data-id=\"cc02811\" data-element_type=\"section\">\n\t\t\t\t\t\t<div class=\"elementor-container elementor-column-gap-default\">\n\t\t\t\t\t<div class=\"elementor-column elementor-col-50 elementor-inner-column elementor-element elementor-element-7510395\" data-id=\"7510395\" data-element_type=\"column\">\n\t\t\t<div class=\"elementor-widget-wrap elementor-element-populated\">\n\t\t\t\t\t\t<div class=\"elementor-element elementor-element-1d984d4 pw_text text elementor-widget elementor-widget-text-editor\" data-id=\"1d984d4\" data-element_type=\"widget\" data-widget_type=\"text-editor.default\">\n\t\t\t\t<div class=\"elementor-widget-container\">\n\t\t\t\t\t\t\t<h3>Die Region &#8211; Unz\u00e4hlige M\u00f6glichkeiten<\/h3><p>St. Veit liegt inmitten der Salzburger Sonnenterasse mit ihrem Heilklima. In Ihrem <a href=\"https:\/\/www.urlaub-am-bognerhof.at\/de\/rundherum\/sommerurlaub\/\">Sommerurlaub<\/a> gibt es unz\u00e4hlige Wanderwege, Rad- und Mountainbiketouren, Golfen, Schwimmen und vieles mehr zu entdecken.<\/p><p><a href=\"https:\/\/www.urlaub-am-bognerhof.at\/de\/rundherum\/ski-und-winterurlaub\/\">Skifahren<\/a> im Winter direkt in St. Veit &#8211; klein, fein und \u00fcberschaubar oder im 10 Minuten entfernten St. Johann im Pongau &#8211; Snow Space Salzburg mit seinen 210km Pisten und 45 Seilbahnen und Liften.<\/p><p>Neben den <a href=\"https:\/\/www.urlaub-am-bognerhof.at\/de\/rundherum\/ausflugsziele\/\">Aktivit\u00e4ten<\/a> in und um St. Veit werden Sie auch eingeladen die edlen Tropfen der hauseigenen Schnapsbrennerei zu verkosten.<\/p>\t\t\t\t\t\t<\/div>\n\t\t\t\t<\/div>\n\t\t\t\t\t<\/div>\n\t\t<\/div>\n\t\t\t\t<div class=\"elementor-column elementor-col-50 elementor-inner-column elementor-element elementor-element-e68ae18\" data-id=\"e68ae18\" data-element_type=\"column\">\n\t\t\t<div class=\"elementor-widget-wrap elementor-element-populated\">\n\t\t\t\t\t\t<div class=\"elementor-element elementor-element-7187cdb elementor-widget elementor-widget-image\" data-id=\"7187cdb\" data-element_type=\"widget\" data-widget_type=\"image.default\">\n\t\t\t\t<div class=\"elementor-widget-container\">\n\t\t\t\t\t\t\t\t\t\t\t\t\t<img decoding=\"async\" width=\"700\" height=\"467\" src=\"https:\/\/www.urlaub-am-bognerhof.at\/wp-content\/uploads\/2019\/06\/GN2A6681-700x467.jpg\" class=\"attachment-large size-large wp-image-832\" alt=\"GNA\" srcset=\"https:\/\/www.urlaub-am-bognerhof.at\/wp-content\/uploads\/2019\/06\/GN2A6681-700x467.jpg 700w, https:\/\/www.urlaub-am-bognerhof.at\/wp-content\/uploads\/2019\/06\/GN2A6681-250x167.jpg 250w, https:\/\/www.urlaub-am-bognerhof.at\/wp-content\/uploads\/2019\/06\/GN2A6681-768x512.jpg 768w, https:\/\/www.urlaub-am-bognerhof.at\/wp-content\/uploads\/2019\/06\/GN2A6681-1536x1024.jpg 1536w, https:\/\/www.urlaub-am-bognerhof.at\/wp-content\/uploads\/2019\/06\/GN2A6681-120x80.jpg 120w, https:\/\/www.urlaub-am-bognerhof.at\/wp-content\/uploads\/2019\/06\/GN2A6681.jpg 1920w\" sizes=\"(max-width: 700px) 100vw, 700px\" \/>\t\t\t\t\t\t\t\t\t\t\t\t\t<\/div>\n\t\t\t\t<\/div>\n\t\t\t\t\t<\/div>\n\t\t<\/div>\n\t\t\t\t\t<\/div>\n\t\t<\/section>\n\t\t\t\t\t<\/div>\n\t\t<\/div>\n\t\t\t\t\t<\/div>\n\t\t<\/section>\n\t\t\t\t<section class=\"elementor-section elementor-top-section elementor-element elementor-element-23da80c elementor-section-boxed elementor-section-height-default elementor-section-height-default\" data-id=\"23da80c\" data-element_type=\"section\">\n\t\t\t\t\t\t<div class=\"elementor-container elementor-column-gap-default\">\n\t\t\t\t\t<div class=\"elementor-column elementor-col-50 elementor-top-column elementor-element elementor-element-a489231\" data-id=\"a489231\" data-element_type=\"column\">\n\t\t\t<div class=\"elementor-widget-wrap elementor-element-populated\">\n\t\t\t\t\t\t<div class=\"elementor-element elementor-element-50726e2 elementor-widget elementor-widget-image\" data-id=\"50726e2\" data-element_type=\"widget\" data-widget_type=\"image.default\">\n\t\t\t\t<div class=\"elementor-widget-container\">\n\t\t\t\t\t\t\t\t\t\t\t\t\t<img decoding=\"async\" width=\"700\" height=\"465\" src=\"https:\/\/www.urlaub-am-bognerhof.at\/wp-content\/uploads\/2022\/01\/DSC_8034_edit-700x465.png\" class=\"attachment-large size-large wp-image-3741\" alt=\"\" srcset=\"https:\/\/www.urlaub-am-bognerhof.at\/wp-content\/uploads\/2022\/01\/DSC_8034_edit-700x465.png 700w, https:\/\/www.urlaub-am-bognerhof.at\/wp-content\/uploads\/2022\/01\/DSC_8034_edit-250x166.png 250w, https:\/\/www.urlaub-am-bognerhof.at\/wp-content\/uploads\/2022\/01\/DSC_8034_edit-768x510.png 768w, https:\/\/www.urlaub-am-bognerhof.at\/wp-content\/uploads\/2022\/01\/DSC_8034_edit-1536x1021.png 1536w, https:\/\/www.urlaub-am-bognerhof.at\/wp-content\/uploads\/2022\/01\/DSC_8034_edit-120x80.png 120w, https:\/\/www.urlaub-am-bognerhof.at\/wp-content\/uploads\/2022\/01\/DSC_8034_edit.png 1920w\" sizes=\"(max-width: 700px) 100vw, 700px\" \/>\t\t\t\t\t\t\t\t\t\t\t\t\t<\/div>\n\t\t\t\t<\/div>\n\t\t\t\t\t<\/div>\n\t\t<\/div>\n\t\t\t\t<div class=\"elementor-column elementor-col-50 elementor-top-column elementor-element elementor-element-29ec2ee\" data-id=\"29ec2ee\" data-element_type=\"column\">\n\t\t\t<div class=\"elementor-widget-wrap elementor-element-populated\">\n\t\t\t\t\t\t<div class=\"elementor-element elementor-element-2f2abcc pw_text text elementor-widget elementor-widget-text-editor\" data-id=\"2f2abcc\" data-element_type=\"widget\" data-widget_type=\"text-editor.default\">\n\t\t\t\t<div class=\"elementor-widget-container\">\n\t\t\t\t\t\t\t<h3>Perfekt an kalten Wintertagen<\/h3>\n<div>\n<div>Entspannung finden und zur Ruhe kommen in der hauseigenen Sauna.<\/div>\n<div><br><\/div>\n<div>So einfach erholen Sie sich nach einem erlebnisreichen Urlaubstag und k\u00f6nnen im privaten Saunabereich genussvoll den Tag Revue passieren lassen.<\/div>\n<\/div>\t\t\t\t\t\t<\/div>\n\t\t\t\t<\/div>\n\t\t\t\t\t<\/div>\n\t\t<\/div>\n\t\t\t\t\t<\/div>\n\t\t<\/section>\n\t\t\t\t<section class=\"elementor-section elementor-top-section elementor-element elementor-element-efc1bca elementor-section-boxed elementor-section-height-default elementor-section-height-default\" data-id=\"efc1bca\" data-element_type=\"section\">\n\t\t\t\t\t\t<div class=\"elementor-container elementor-column-gap-default\">\n\t\t\t\t\t<div class=\"elementor-column elementor-col-100 elementor-top-column elementor-element elementor-element-c8bee16\" data-id=\"c8bee16\" data-element_type=\"column\">\n\t\t\t<div class=\"elementor-widget-wrap elementor-element-populated\">\n\t\t\t\t\t\t<div class=\"elementor-element elementor-element-bfe3f9e elementor-widget elementor-widget-gallery\" data-id=\"bfe3f9e\" data-element_type=\"widget\" data-settings=\"{&quot;lazyload&quot;:&quot;yes&quot;,&quot;gallery_layout&quot;:&quot;grid&quot;,&quot;columns&quot;:4,&quot;columns_tablet&quot;:2,&quot;columns_mobile&quot;:1,&quot;gap&quot;:{&quot;unit&quot;:&quot;px&quot;,&quot;size&quot;:10,&quot;sizes&quot;:[]},&quot;gap_tablet&quot;:{&quot;unit&quot;:&quot;px&quot;,&quot;size&quot;:10,&quot;sizes&quot;:[]},&quot;gap_mobile&quot;:{&quot;unit&quot;:&quot;px&quot;,&quot;size&quot;:10,&quot;sizes&quot;:[]},&quot;link_to&quot;:&quot;file&quot;,&quot;aspect_ratio&quot;:&quot;3:2&quot;,&quot;overlay_background&quot;:&quot;yes&quot;,&quot;content_hover_animation&quot;:&quot;fade-in&quot;}\" data-widget_type=\"gallery.default\">\n\t\t\t\t<div class=\"elementor-widget-container\">\n\t\t\t\t\t<div class=\"elementor-gallery__container\">\n\t\t\t\t\t\t\t<a class=\"e-gallery-item elementor-gallery-item elementor-animated-content\" href=\"https:\/\/www.urlaub-am-bognerhof.at\/wp-content\/uploads\/2022\/01\/DSC_8035_edit.png\" data-elementor-open-lightbox=\"yes\" data-elementor-lightbox-slideshow=\"bfe3f9e\" data-elementor-lightbox-title=\"DSC_8035_edit\" data-e-action-hash=\"#elementor-action%3Aaction%3Dlightbox%26settings%3DeyJpZCI6MzczNSwidXJsIjoiaHR0cHM6XC9cL3d3dy51cmxhdWItYW0tYm9nbmVyaG9mLmF0XC93cC1jb250ZW50XC91cGxvYWRzXC8yMDIyXC8wMVwvRFNDXzgwMzVfZWRpdC5wbmciLCJzbGlkZXNob3ciOiJiZmUzZjllIn0%3D\">\n\t\t\t\t\t<div class=\"e-gallery-image elementor-gallery-item__image\" data-thumbnail=\"https:\/\/www.urlaub-am-bognerhof.at\/wp-content\/uploads\/2022\/01\/DSC_8035_edit-250x166.png\" data-width=\"250\" data-height=\"166\" aria-label=\"\" role=\"img\" ><\/div>\n\t\t\t\t\t\t\t\t\t\t\t<div class=\"elementor-gallery-item__overlay\"><\/div>\n\t\t\t\t\t\t\t\t\t\t\t\t\t\t<\/a>\n\t\t\t\t\t\t\t<a class=\"e-gallery-item elementor-gallery-item elementor-animated-content\" href=\"https:\/\/www.urlaub-am-bognerhof.at\/wp-content\/uploads\/2022\/01\/DSC_8036_edit.png\" data-elementor-open-lightbox=\"yes\" data-elementor-lightbox-slideshow=\"bfe3f9e\" data-elementor-lightbox-title=\"DSC_8036_edit\" data-e-action-hash=\"#elementor-action%3Aaction%3Dlightbox%26settings%3DeyJpZCI6MzczNywidXJsIjoiaHR0cHM6XC9cL3d3dy51cmxhdWItYW0tYm9nbmVyaG9mLmF0XC93cC1jb250ZW50XC91cGxvYWRzXC8yMDIyXC8wMVwvRFNDXzgwMzZfZWRpdC5wbmciLCJzbGlkZXNob3ciOiJiZmUzZjllIn0%3D\">\n\t\t\t\t\t<div class=\"e-gallery-image elementor-gallery-item__image\" data-thumbnail=\"https:\/\/www.urlaub-am-bognerhof.at\/wp-content\/uploads\/2022\/01\/DSC_8036_edit-250x166.png\" data-width=\"250\" data-height=\"166\" aria-label=\"\" role=\"img\" ><\/div>\n\t\t\t\t\t\t\t\t\t\t\t<div class=\"elementor-gallery-item__overlay\"><\/div>\n\t\t\t\t\t\t\t\t\t\t\t\t\t\t<\/a>\n\t\t\t\t\t\t\t<a class=\"e-gallery-item elementor-gallery-item elementor-animated-content\" href=\"https:\/\/www.urlaub-am-bognerhof.at\/wp-content\/uploads\/2022\/01\/DSC_8033_edit.png\" data-elementor-open-lightbox=\"yes\" data-elementor-lightbox-slideshow=\"bfe3f9e\" data-elementor-lightbox-title=\"DSC_8033_edit\" data-e-action-hash=\"#elementor-action%3Aaction%3Dlightbox%26settings%3DeyJpZCI6MzczOSwidXJsIjoiaHR0cHM6XC9cL3d3dy51cmxhdWItYW0tYm9nbmVyaG9mLmF0XC93cC1jb250ZW50XC91cGxvYWRzXC8yMDIyXC8wMVwvRFNDXzgwMzNfZWRpdC5wbmciLCJzbGlkZXNob3ciOiJiZmUzZjllIn0%3D\">\n\t\t\t\t\t<div class=\"e-gallery-image elementor-gallery-item__image\" data-thumbnail=\"https:\/\/www.urlaub-am-bognerhof.at\/wp-content\/uploads\/2022\/01\/DSC_8033_edit-250x166.png\" data-width=\"250\" data-height=\"166\" aria-label=\"\" role=\"img\" ><\/div>\n\t\t\t\t\t\t\t\t\t\t\t<div class=\"elementor-gallery-item__overlay\"><\/div>\n\t\t\t\t\t\t\t\t\t\t\t\t\t\t<\/a>\n\t\t\t\t\t\t\t<a class=\"e-gallery-item elementor-gallery-item elementor-animated-content\" href=\"https:\/\/www.urlaub-am-bognerhof.at\/wp-content\/uploads\/2022\/01\/DSC_8034_edit.png\" data-elementor-open-lightbox=\"yes\" data-elementor-lightbox-slideshow=\"bfe3f9e\" data-elementor-lightbox-title=\"DSC_8034_edit\" data-e-action-hash=\"#elementor-action%3Aaction%3Dlightbox%26settings%3DeyJpZCI6Mzc0MSwidXJsIjoiaHR0cHM6XC9cL3d3dy51cmxhdWItYW0tYm9nbmVyaG9mLmF0XC93cC1jb250ZW50XC91cGxvYWRzXC8yMDIyXC8wMVwvRFNDXzgwMzRfZWRpdC5wbmciLCJzbGlkZXNob3ciOiJiZmUzZjllIn0%3D\">\n\t\t\t\t\t<div class=\"e-gallery-image elementor-gallery-item__image\" data-thumbnail=\"https:\/\/www.urlaub-am-bognerhof.at\/wp-content\/uploads\/2022\/01\/DSC_8034_edit-250x166.png\" data-width=\"250\" data-height=\"166\" aria-label=\"\" role=\"img\" ><\/div>\n\t\t\t\t\t\t\t\t\t\t\t<div class=\"elementor-gallery-item__overlay\"><\/div>\n\t\t\t\t\t\t\t\t\t\t\t\t\t\t<\/a>\n\t\t\t\t\t<\/div>\n\t\t\t<\/div>\n\t\t\t\t<\/div>\n\t\t\t\t\t<\/div>\n\t\t<\/div>\n\t\t\t\t\t<\/div>\n\t\t<\/section>\n\t\t\t\t<\/div>\n\t\t","protected":false},"excerpt":{"rendered":"Ferienwohnungen &amp; Chalet naheSt. Johann im Pongau Urlaub am Bio-Bauernhof in St. Veit inmitten der Salzburger Sonnenterrasse Mittendrin im Wander- und Skigebiet genie\u00dfen Sie gemeinsam mit Familie oder Freunden aktive und erholsame Urlaubstage. Rupert und Nora Gr\u00fcnwald bieten Ihnen eine gem\u00fctliche, bestens ausgestattete Ferienwohnung sowie ein komplett neu renoviertes, exklusives Ferienhaus am Bio-Bauernhof in St&#8230;. <a class=\"view-article\" href=\"https:\/\/www.urlaub-am-bognerhof.at\/de\/\">Artikel ansehen<\/a>","protected":false},"author":86,"featured_media":0,"parent":0,"menu_order":0,"comment_status":"closed","ping_status":"closed","template":"","meta":[],"_links":{"self":[{"href":"https:\/\/www.urlaub-am-bognerhof.at\/de\/wp-json\/wp\/v2\/pages\/18"}],"collection":[{"href":"https:\/\/www.urlaub-am-bognerhof.at\/de\/wp-json\/wp\/v2\/pages"}],"about":[{"href":"https:\/\/www.urlaub-am-bognerhof.at\/de\/wp-json\/wp\/v2\/types\/page"}],"author":[{"embeddable":true,"href":"https:\/\/www.urlaub-am-bognerhof.at\/de\/wp-json\/wp\/v2\/users\/86"}],"replies":[{"embeddable":true,"href":"https:\/\/www.urlaub-am-bognerhof.at\/de\/wp-json\/wp\/v2\/comments?post=18"}],"version-history":[{"count":0,"href":"https:\/\/www.urlaub-am-bognerhof.at\/de\/wp-json\/wp\/v2\/pages\/18\/revisions"}],"wp:attachment":[{"href":"https:\/\/www.urlaub-am-bognerhof.at\/de\/wp-json\/wp\/v2\/media?parent=18"}],"curies":[{"name":"wp","href":"https:\/\/api.w.org\/{rel}","templated":true}]}}