{"id":184,"date":"2019-06-20T14:08:07","date_gmt":"2019-06-20T12:08:07","guid":{"rendered":"\/bognerhof\/?page_id=184"},"modified":"2020-05-25T20:38:17","modified_gmt":"2020-05-25T18:38:17","slug":"sommerurlaub","status":"publish","type":"page","link":"https:\/\/www.urlaub-am-bognerhof.at\/de\/rundherum\/sommerurlaub\/","title":{"rendered":"Sommerurlaub"},"content":{"rendered":"\t\t<div data-elementor-type=\"wp-page\" data-elementor-id=\"184\" class=\"elementor elementor-184\" data-elementor-post-type=\"page\">\n\t\t\t\t\t\t<section class=\"elementor-section elementor-top-section elementor-element elementor-element-9387892 elementor-section-boxed elementor-section-height-default elementor-section-height-default\" data-id=\"9387892\" data-element_type=\"section\">\n\t\t\t\t\t\t<div class=\"elementor-container elementor-column-gap-default\">\n\t\t\t\t\t<div class=\"elementor-column elementor-col-100 elementor-top-column elementor-element elementor-element-00d99d7\" data-id=\"00d99d7\" data-element_type=\"column\">\n\t\t\t<div class=\"elementor-widget-wrap elementor-element-populated\">\n\t\t\t\t\t\t<div class=\"elementor-element elementor-element-dbb0238 elementor-widget elementor-widget-text-editor\" data-id=\"dbb0238\" data-element_type=\"widget\" data-widget_type=\"text-editor.default\">\n\t\t\t\t<div class=\"elementor-widget-container\">\n\t\t\t\t\t\t\t<h1>Sommer-Erlebnisse f\u00fcr Gro\u00df und Klein <\/h1>\n<h2>Urlaub f\u00fcr die ganze Familie<\/h2>\n\nErleben Sie zahlreiche Sommer-Aktivit\u00e4ten mit der ganzen Familie oder erklimmen Sie die unz\u00e4hligen Gipfel der Region! Sportbegeisterte finden beim Radfahren, Mountainbiken, Klettern und Raften Ihre Passion \u2013 umliegende Golfpl\u00e4tze lassen Golferherzen h\u00f6herschlagen. Eine Erfrischung an hei\u00dfen Sommertagen finden Sie im Freibad St. Veit oder den umliegenden Schwimmb\u00e4dern und Seen. Highlight: Hauseigener Kinderspielplatz!\n\t\t\t\t\t\t<\/div>\n\t\t\t\t<\/div>\n\t\t\t\t\t<\/div>\n\t\t<\/div>\n\t\t\t\t\t<\/div>\n\t\t<\/section>\n\t\t\t\t<section class=\"elementor-section elementor-inner-section elementor-element elementor-element-7e25ec12 elementor-reverse-tablet elementor-reverse-mobile elementor-section-boxed elementor-section-height-default elementor-section-height-default\" data-id=\"7e25ec12\" data-element_type=\"section\">\n\t\t\t\t\t\t<div class=\"elementor-container elementor-column-gap-default\">\n\t\t\t\t\t<div class=\"elementor-column elementor-col-50 elementor-inner-column elementor-element elementor-element-6820cb9e\" data-id=\"6820cb9e\" data-element_type=\"column\">\n\t\t\t<div class=\"elementor-widget-wrap elementor-element-populated\">\n\t\t\t\t\t\t<div class=\"elementor-element elementor-element-4696a06d elementor-widget elementor-widget-image\" data-id=\"4696a06d\" data-element_type=\"widget\" data-widget_type=\"image.default\">\n\t\t\t\t<div class=\"elementor-widget-container\">\n\t\t\t\t\t\t\t\t\t\t\t\t\t<img fetchpriority=\"high\" decoding=\"async\" width=\"700\" height=\"467\" src=\"https:\/\/www.urlaub-am-bognerhof.at\/wp-content\/uploads\/2019\/06\/sommerurlaub-am-bognerhof-7-700x467.jpg\" class=\"attachment-large size-large wp-image-348\" alt=\"sommerurlaub am bognerhof\" srcset=\"https:\/\/www.urlaub-am-bognerhof.at\/wp-content\/uploads\/2019\/06\/sommerurlaub-am-bognerhof-7-700x467.jpg 700w, https:\/\/www.urlaub-am-bognerhof.at\/wp-content\/uploads\/2019\/06\/sommerurlaub-am-bognerhof-7-250x167.jpg 250w, https:\/\/www.urlaub-am-bognerhof.at\/wp-content\/uploads\/2019\/06\/sommerurlaub-am-bognerhof-7-768x512.jpg 768w, https:\/\/www.urlaub-am-bognerhof.at\/wp-content\/uploads\/2019\/06\/sommerurlaub-am-bognerhof-7-120x80.jpg 120w, https:\/\/www.urlaub-am-bognerhof.at\/wp-content\/uploads\/2019\/06\/sommerurlaub-am-bognerhof-7.jpg 1200w\" sizes=\"(max-width: 700px) 100vw, 700px\" \/>\t\t\t\t\t\t\t\t\t\t\t\t\t<\/div>\n\t\t\t\t<\/div>\n\t\t\t\t\t<\/div>\n\t\t<\/div>\n\t\t\t\t<div class=\"elementor-column elementor-col-50 elementor-inner-column elementor-element elementor-element-699a9170\" data-id=\"699a9170\" data-element_type=\"column\">\n\t\t\t<div class=\"elementor-widget-wrap elementor-element-populated\">\n\t\t\t\t\t\t<div class=\"elementor-element elementor-element-45d8948c elementor-widget elementor-widget-text-editor\" data-id=\"45d8948c\" data-element_type=\"widget\" data-widget_type=\"text-editor.default\">\n\t\t\t\t<div class=\"elementor-widget-container\">\n\t\t\t\t\t\t\t<h3>Sommer, Sonne, Sonnenschein<\/h3>\n<ul>\n<li>Wandern<\/li>\n<li>Nordic Walking<\/li>\n<li>Radfahren<\/li>\n<li>Freib\u00e4der und Seen<\/li>\n<li>Klettern<\/li>\n<li>Rafting und Canyoning<\/li>\n<li>Golfen<\/li>\n<\/ul>\nIhre Gastgeber stehen Ihnen mit zahlreichen Tipps zur Seite! \t\t\t\t\t\t<\/div>\n\t\t\t\t<\/div>\n\t\t\t\t\t<\/div>\n\t\t<\/div>\n\t\t\t\t\t<\/div>\n\t\t<\/section>\n\t\t\t\t<section class=\"elementor-section elementor-inner-section elementor-element elementor-element-7c3e7c01 elementor-section-boxed elementor-section-height-default elementor-section-height-default\" data-id=\"7c3e7c01\" data-element_type=\"section\">\n\t\t\t\t\t\t<div class=\"elementor-container elementor-column-gap-default\">\n\t\t\t\t\t<div class=\"elementor-column elementor-col-50 elementor-inner-column elementor-element elementor-element-2ca70aaf\" data-id=\"2ca70aaf\" data-element_type=\"column\">\n\t\t\t<div class=\"elementor-widget-wrap elementor-element-populated\">\n\t\t\t\t\t\t<div class=\"elementor-element elementor-element-18876a2b elementor-widget elementor-widget-text-editor\" data-id=\"18876a2b\" data-element_type=\"widget\" data-widget_type=\"text-editor.default\">\n\t\t\t\t<div class=\"elementor-widget-container\">\n\t\t\t\t\t\t\t<h3>Sommer am Bognerhof<\/h3>\nWohnen Sie inmitten der Wanderregion der Salzburger Sonnenterrasse und genie\u00dfen Sie alle Vorz\u00fcge der exklusiven Lage. Entdecken Sie noch heute Ihr Urlaubsparadies in der gem\u00fctlichen Ferienwohnung oder der modernen Lodge.\t\t\t\t\t\t<\/div>\n\t\t\t\t<\/div>\n\t\t\t\t<div class=\"elementor-element elementor-element-547f3283 elementor-align-left elementor-widget elementor-widget-button\" data-id=\"547f3283\" data-element_type=\"widget\" data-widget_type=\"button.default\">\n\t\t\t\t<div class=\"elementor-widget-container\">\n\t\t\t\t\t<div class=\"elementor-button-wrapper\">\n\t\t\t<a class=\"elementor-button elementor-button-link elementor-size-sm\" href=\"https:\/\/www.urlaub-am-bognerhof.at\/wohnen\/\">\n\t\t\t\t\t\t<span class=\"elementor-button-content-wrapper\">\n\t\t\t\t\t\t\t\t\t<span class=\"elementor-button-text\">WOHNEN AM BOGNERHOF<\/span>\n\t\t\t\t\t<\/span>\n\t\t\t\t\t<\/a>\n\t\t<\/div>\n\t\t\t\t<\/div>\n\t\t\t\t<\/div>\n\t\t\t\t\t<\/div>\n\t\t<\/div>\n\t\t\t\t<div class=\"elementor-column elementor-col-50 elementor-inner-column elementor-element elementor-element-3ef4b53d\" data-id=\"3ef4b53d\" data-element_type=\"column\">\n\t\t\t<div class=\"elementor-widget-wrap elementor-element-populated\">\n\t\t\t\t\t\t<div class=\"elementor-element elementor-element-79fd97fe elementor-widget elementor-widget-image\" data-id=\"79fd97fe\" data-element_type=\"widget\" data-widget_type=\"image.default\">\n\t\t\t\t<div class=\"elementor-widget-container\">\n\t\t\t\t\t\t\t\t\t\t\t\t\t<img decoding=\"async\" width=\"700\" height=\"467\" src=\"https:\/\/www.urlaub-am-bognerhof.at\/wp-content\/uploads\/2019\/06\/sommerurlaub-am-bognerhof-5-700x467.jpg\" class=\"attachment-large size-large wp-image-344\" alt=\"sommerurlaub am bognerhof\" srcset=\"https:\/\/www.urlaub-am-bognerhof.at\/wp-content\/uploads\/2019\/06\/sommerurlaub-am-bognerhof-5-700x467.jpg 700w, https:\/\/www.urlaub-am-bognerhof.at\/wp-content\/uploads\/2019\/06\/sommerurlaub-am-bognerhof-5-250x167.jpg 250w, https:\/\/www.urlaub-am-bognerhof.at\/wp-content\/uploads\/2019\/06\/sommerurlaub-am-bognerhof-5-768x512.jpg 768w, https:\/\/www.urlaub-am-bognerhof.at\/wp-content\/uploads\/2019\/06\/sommerurlaub-am-bognerhof-5-120x80.jpg 120w, https:\/\/www.urlaub-am-bognerhof.at\/wp-content\/uploads\/2019\/06\/sommerurlaub-am-bognerhof-5.jpg 1200w\" sizes=\"(max-width: 700px) 100vw, 700px\" \/>\t\t\t\t\t\t\t\t\t\t\t\t\t<\/div>\n\t\t\t\t<\/div>\n\t\t\t\t\t<\/div>\n\t\t<\/div>\n\t\t\t\t\t<\/div>\n\t\t<\/section>\n\t\t\t\t<section class=\"elementor-section elementor-top-section elementor-element elementor-element-67a261bd elementor-section-boxed elementor-section-height-default elementor-section-height-default\" data-id=\"67a261bd\" data-element_type=\"section\">\n\t\t\t\t\t\t<div class=\"elementor-container elementor-column-gap-default\">\n\t\t\t\t\t<div class=\"elementor-column elementor-col-100 elementor-top-column elementor-element elementor-element-5c935a01\" data-id=\"5c935a01\" data-element_type=\"column\">\n\t\t\t<div class=\"elementor-widget-wrap elementor-element-populated\">\n\t\t\t\t\t\t<div class=\"elementor-element elementor-element-43c15d5 elementor-widget elementor-widget-text-editor\" data-id=\"43c15d5\" data-element_type=\"widget\" data-widget_type=\"text-editor.default\">\n\t\t\t\t<div class=\"elementor-widget-container\">\n\t\t\t\t\t\t\t<p>Lust auf Urlaub am Bognerhof? Stellen Sie noch heute Ihre unverbindliche Urlaubsanfrage!<\/p>\t\t\t\t\t\t<\/div>\n\t\t\t\t<\/div>\n\t\t\t\t<div class=\"elementor-element elementor-element-68f9c89b elementor-align-left elementor-widget elementor-widget-button\" data-id=\"68f9c89b\" data-element_type=\"widget\" data-widget_type=\"button.default\">\n\t\t\t\t<div class=\"elementor-widget-container\">\n\t\t\t\t\t<div class=\"elementor-button-wrapper\">\n\t\t\t<a class=\"elementor-button elementor-button-link elementor-size-sm\" href=\"https:\/\/www.urlaub-am-bognerhof.at\/anfrage\/\">\n\t\t\t\t\t\t<span class=\"elementor-button-content-wrapper\">\n\t\t\t\t\t\t\t\t\t<span class=\"elementor-button-text\">JETZT ANFRAGEN<\/span>\n\t\t\t\t\t<\/span>\n\t\t\t\t\t<\/a>\n\t\t<\/div>\n\t\t\t\t<\/div>\n\t\t\t\t<\/div>\n\t\t\t\t\t<\/div>\n\t\t<\/div>\n\t\t\t\t\t<\/div>\n\t\t<\/section>\n\t\t\t\t<\/div>\n\t\t","protected":false},"excerpt":{"rendered":"Sommer-Erlebnisse f\u00fcr Gro\u00df und Klein Urlaub f\u00fcr die ganze Familie Erleben Sie zahlreiche Sommer-Aktivit\u00e4ten mit der ganzen Familie oder erklimmen Sie die unz\u00e4hligen Gipfel der Region! Sportbegeisterte finden beim Radfahren, Mountainbiken, Klettern und Raften Ihre Passion \u2013 umliegende Golfpl\u00e4tze lassen Golferherzen h\u00f6herschlagen. Eine Erfrischung an hei\u00dfen Sommertagen finden Sie im Freibad St. Veit oder den&#8230; <a class=\"view-article\" href=\"https:\/\/www.urlaub-am-bognerhof.at\/de\/rundherum\/sommerurlaub\/\">Artikel ansehen<\/a>","protected":false},"author":86,"featured_media":0,"parent":28,"menu_order":1,"comment_status":"closed","ping_status":"closed","template":"","meta":[],"_links":{"self":[{"href":"https:\/\/www.urlaub-am-bognerhof.at\/de\/wp-json\/wp\/v2\/pages\/184"}],"collection":[{"href":"https:\/\/www.urlaub-am-bognerhof.at\/de\/wp-json\/wp\/v2\/pages"}],"about":[{"href":"https:\/\/www.urlaub-am-bognerhof.at\/de\/wp-json\/wp\/v2\/types\/page"}],"author":[{"embeddable":true,"href":"https:\/\/www.urlaub-am-bognerhof.at\/de\/wp-json\/wp\/v2\/users\/86"}],"replies":[{"embeddable":true,"href":"https:\/\/www.urlaub-am-bognerhof.at\/de\/wp-json\/wp\/v2\/comments?post=184"}],"version-history":[{"count":0,"href":"https:\/\/www.urlaub-am-bognerhof.at\/de\/wp-json\/wp\/v2\/pages\/184\/revisions"}],"up":[{"embeddable":true,"href":"https:\/\/www.urlaub-am-bognerhof.at\/de\/wp-json\/wp\/v2\/pages\/28"}],"wp:attachment":[{"href":"https:\/\/www.urlaub-am-bognerhof.at\/de\/wp-json\/wp\/v2\/media?parent=184"}],"curies":[{"name":"wp","href":"https:\/\/api.w.org\/{rel}","templated":true}]}}