{"id":195,"date":"2019-06-20T14:23:10","date_gmt":"2019-06-20T12:23:10","guid":{"rendered":"\/bognerhof\/?page_id=195"},"modified":"2020-05-25T20:38:18","modified_gmt":"2020-05-25T18:38:18","slug":"ausflugsziele","status":"publish","type":"page","link":"https:\/\/www.urlaub-am-bognerhof.at\/de\/rundherum\/ausflugsziele\/","title":{"rendered":"Ausflugsziele"},"content":{"rendered":"\t\t<div data-elementor-type=\"wp-page\" data-elementor-id=\"195\" class=\"elementor elementor-195\" data-elementor-post-type=\"page\">\n\t\t\t\t\t\t<section class=\"elementor-section elementor-top-section elementor-element elementor-element-c00cc84 elementor-section-boxed elementor-section-height-default elementor-section-height-default\" data-id=\"c00cc84\" data-element_type=\"section\">\n\t\t\t\t\t\t<div class=\"elementor-container elementor-column-gap-default\">\n\t\t\t\t\t<div class=\"elementor-column elementor-col-100 elementor-top-column elementor-element elementor-element-fef07c1\" data-id=\"fef07c1\" data-element_type=\"column\">\n\t\t\t<div class=\"elementor-widget-wrap elementor-element-populated\">\n\t\t\t\t\t\t<div class=\"elementor-element elementor-element-1f5193e elementor-widget elementor-widget-text-editor\" data-id=\"1f5193e\" data-element_type=\"widget\" data-widget_type=\"text-editor.default\">\n\t\t\t\t<div class=\"elementor-widget-container\">\n\t\t\t\t\t\t\t<h1>Urlaubsprogramm f\u00fcr Gro\u00df und Klein<\/h1><h2>Aktivit\u00e4ten und Ausflugsziele<\/h2><p>Egal in welcher Jahreszeit Sie am Bognerhof urlauben, in St. Veit im Pongau auf der Salzburger Sonnenterrasse ist immer was los! Erleben Sie eine der zahlreichen Brauchtumsveranstaltungen, besuchen Sie das ein oder andere Konzert oder lassen Sie sich von Events in der Region inspirieren. Rupert und Nora stehen Ihnen tatkr\u00e4ftig mit Tipps zur Seite: Entdecken Sie auch die Salzburger Land Card f\u00fcr noch mehr Spa\u00df im Urlaub!<\/p>\t\t\t\t\t\t<\/div>\n\t\t\t\t<\/div>\n\t\t\t\t\t<\/div>\n\t\t<\/div>\n\t\t\t\t\t<\/div>\n\t\t<\/section>\n\t\t\t\t<section class=\"elementor-section elementor-inner-section elementor-element elementor-element-5e87e35b elementor-reverse-tablet elementor-reverse-mobile elementor-section-boxed elementor-section-height-default elementor-section-height-default\" data-id=\"5e87e35b\" data-element_type=\"section\">\n\t\t\t\t\t\t<div class=\"elementor-container elementor-column-gap-default\">\n\t\t\t\t\t<div class=\"elementor-column elementor-col-50 elementor-inner-column elementor-element elementor-element-110b7ffe\" data-id=\"110b7ffe\" data-element_type=\"column\">\n\t\t\t<div class=\"elementor-widget-wrap elementor-element-populated\">\n\t\t\t\t\t\t<div class=\"elementor-element elementor-element-361a3c6b elementor-widget elementor-widget-image\" data-id=\"361a3c6b\" data-element_type=\"widget\" data-widget_type=\"image.default\">\n\t\t\t\t<div class=\"elementor-widget-container\">\n\t\t\t\t\t\t\t\t\t\t\t\t\t<img fetchpriority=\"high\" decoding=\"async\" width=\"700\" height=\"467\" src=\"https:\/\/www.urlaub-am-bognerhof.at\/wp-content\/uploads\/2019\/06\/sommerurlaub-am-bognerhof-8-700x467.jpg\" class=\"attachment-large size-large wp-image-350\" alt=\"sommerurlaub am bognerhof\" srcset=\"https:\/\/www.urlaub-am-bognerhof.at\/wp-content\/uploads\/2019\/06\/sommerurlaub-am-bognerhof-8-700x467.jpg 700w, https:\/\/www.urlaub-am-bognerhof.at\/wp-content\/uploads\/2019\/06\/sommerurlaub-am-bognerhof-8-250x167.jpg 250w, https:\/\/www.urlaub-am-bognerhof.at\/wp-content\/uploads\/2019\/06\/sommerurlaub-am-bognerhof-8-768x512.jpg 768w, https:\/\/www.urlaub-am-bognerhof.at\/wp-content\/uploads\/2019\/06\/sommerurlaub-am-bognerhof-8-120x80.jpg 120w, https:\/\/www.urlaub-am-bognerhof.at\/wp-content\/uploads\/2019\/06\/sommerurlaub-am-bognerhof-8.jpg 1200w\" sizes=\"(max-width: 700px) 100vw, 700px\" \/>\t\t\t\t\t\t\t\t\t\t\t\t\t<\/div>\n\t\t\t\t<\/div>\n\t\t\t\t\t<\/div>\n\t\t<\/div>\n\t\t\t\t<div class=\"elementor-column elementor-col-50 elementor-inner-column elementor-element elementor-element-122a6dc8\" data-id=\"122a6dc8\" data-element_type=\"column\">\n\t\t\t<div class=\"elementor-widget-wrap elementor-element-populated\">\n\t\t\t\t\t\t<div class=\"elementor-element elementor-element-4619125b elementor-widget elementor-widget-text-editor\" data-id=\"4619125b\" data-element_type=\"widget\" data-widget_type=\"text-editor.default\">\n\t\t\t\t<div class=\"elementor-widget-container\">\n\t\t\t\t\t\t\t<h3>Ausflugsziele im Sommer<\/h3>\n<ul>\n<li>Gro\u00dfglockner Hochalpenstra\u00dfe<\/li>\n<li>Stadt Salzburg<\/li>\n<li>Eisriesenwelt in Werfen<\/li>\n<li>Burg Hohenwerfen<\/li>\n<li>Hallein Salzbergwerk<\/li>\n<li>Krimmler Wasserf\u00e4lle<\/li>\n<li>Geisterberg Alpendorf<\/li>\n<li>Therme Amad\u00e9 Altenmarkt<\/li>\n<li>Stauseen Kaprun <\/li>\n<li>Sommerrodelbahn Kaprun<\/li>\n<\/ul>\n\t\t\t\t\t\t<\/div>\n\t\t\t\t<\/div>\n\t\t\t\t\t<\/div>\n\t\t<\/div>\n\t\t\t\t\t<\/div>\n\t\t<\/section>\n\t\t\t\t<section class=\"elementor-section elementor-inner-section elementor-element elementor-element-69f215e elementor-section-boxed elementor-section-height-default elementor-section-height-default\" data-id=\"69f215e\" data-element_type=\"section\">\n\t\t\t\t\t\t<div class=\"elementor-container elementor-column-gap-default\">\n\t\t\t\t\t<div class=\"elementor-column elementor-col-50 elementor-inner-column elementor-element elementor-element-116cf6b2\" data-id=\"116cf6b2\" data-element_type=\"column\">\n\t\t\t<div class=\"elementor-widget-wrap elementor-element-populated\">\n\t\t\t\t\t\t<div class=\"elementor-element elementor-element-2600b310 elementor-widget elementor-widget-text-editor\" data-id=\"2600b310\" data-element_type=\"widget\" data-widget_type=\"text-editor.default\">\n\t\t\t\t<div class=\"elementor-widget-container\">\n\t\t\t\t\t\t\t<h3>Ausflugsziele im Winter<\/h3>\n<ul>\n<li>Kostenlos Skifahren am Astenlift vor der Haust\u00fcre<\/li>\n<li>Skifahren in der Ski Amad\u00e9<\/li>\n<li>Winterwandern<\/li>\n<li>Beleuchtete Rodelbahn und Langlaufloipe von der Haust\u00fcre aus<\/li>\n<li>Schneeschuhwandern<\/li>\n<li>Eislaufen<\/li>\n<\/ul>\t\t\t\t\t\t<\/div>\n\t\t\t\t<\/div>\n\t\t\t\t\t<\/div>\n\t\t<\/div>\n\t\t\t\t<div class=\"elementor-column elementor-col-50 elementor-inner-column elementor-element elementor-element-4db1fa4f\" data-id=\"4db1fa4f\" data-element_type=\"column\">\n\t\t\t<div class=\"elementor-widget-wrap elementor-element-populated\">\n\t\t\t\t\t\t<div class=\"elementor-element elementor-element-783cc66f elementor-widget elementor-widget-image\" data-id=\"783cc66f\" data-element_type=\"widget\" data-widget_type=\"image.default\">\n\t\t\t\t<div class=\"elementor-widget-container\">\n\t\t\t\t\t\t\t\t\t\t\t\t\t<img decoding=\"async\" width=\"700\" height=\"467\" src=\"https:\/\/www.urlaub-am-bognerhof.at\/wp-content\/uploads\/2019\/06\/sommerurlaub-am-bognerhof-3-700x467.jpg\" class=\"attachment-large size-large wp-image-340\" alt=\"sommerurlaub am bognerhof\" srcset=\"https:\/\/www.urlaub-am-bognerhof.at\/wp-content\/uploads\/2019\/06\/sommerurlaub-am-bognerhof-3-700x467.jpg 700w, https:\/\/www.urlaub-am-bognerhof.at\/wp-content\/uploads\/2019\/06\/sommerurlaub-am-bognerhof-3-250x167.jpg 250w, https:\/\/www.urlaub-am-bognerhof.at\/wp-content\/uploads\/2019\/06\/sommerurlaub-am-bognerhof-3-768x512.jpg 768w, https:\/\/www.urlaub-am-bognerhof.at\/wp-content\/uploads\/2019\/06\/sommerurlaub-am-bognerhof-3-120x80.jpg 120w, https:\/\/www.urlaub-am-bognerhof.at\/wp-content\/uploads\/2019\/06\/sommerurlaub-am-bognerhof-3.jpg 1200w\" sizes=\"(max-width: 700px) 100vw, 700px\" \/>\t\t\t\t\t\t\t\t\t\t\t\t\t<\/div>\n\t\t\t\t<\/div>\n\t\t\t\t\t<\/div>\n\t\t<\/div>\n\t\t\t\t\t<\/div>\n\t\t<\/section>\n\t\t\t\t<section class=\"elementor-section elementor-top-section elementor-element elementor-element-5bbfe655 elementor-section-boxed elementor-section-height-default elementor-section-height-default\" data-id=\"5bbfe655\" data-element_type=\"section\">\n\t\t\t\t\t\t<div class=\"elementor-container elementor-column-gap-default\">\n\t\t\t\t\t<div class=\"elementor-column elementor-col-100 elementor-top-column elementor-element elementor-element-73a86e05\" data-id=\"73a86e05\" data-element_type=\"column\">\n\t\t\t<div class=\"elementor-widget-wrap elementor-element-populated\">\n\t\t\t\t\t\t<div class=\"elementor-element elementor-element-7cccbc7d elementor-widget elementor-widget-text-editor\" data-id=\"7cccbc7d\" data-element_type=\"widget\" data-widget_type=\"text-editor.default\">\n\t\t\t\t<div class=\"elementor-widget-container\">\n\t\t\t\t\t\t\t<p>Lust auf Urlaub am Bognerhof? Stellen Sie noch heute Ihre unverbindliche Urlaubsanfrage!<\/p>\t\t\t\t\t\t<\/div>\n\t\t\t\t<\/div>\n\t\t\t\t<div class=\"elementor-element elementor-element-4c6d1c35 elementor-align-left elementor-widget elementor-widget-button\" data-id=\"4c6d1c35\" data-element_type=\"widget\" data-widget_type=\"button.default\">\n\t\t\t\t<div class=\"elementor-widget-container\">\n\t\t\t\t\t<div class=\"elementor-button-wrapper\">\n\t\t\t<a class=\"elementor-button elementor-button-link elementor-size-sm\" href=\"https:\/\/www.urlaub-am-bognerhof.at\/anfrage\/\">\n\t\t\t\t\t\t<span class=\"elementor-button-content-wrapper\">\n\t\t\t\t\t\t\t\t\t<span class=\"elementor-button-text\">JETZT ANFRAGEN<\/span>\n\t\t\t\t\t<\/span>\n\t\t\t\t\t<\/a>\n\t\t<\/div>\n\t\t\t\t<\/div>\n\t\t\t\t<\/div>\n\t\t\t\t\t<\/div>\n\t\t<\/div>\n\t\t\t\t\t<\/div>\n\t\t<\/section>\n\t\t\t\t<\/div>\n\t\t","protected":false},"excerpt":{"rendered":"Urlaubsprogramm f\u00fcr Gro\u00df und Klein Aktivit\u00e4ten und Ausflugsziele Egal in welcher Jahreszeit Sie am Bognerhof urlauben, in St. Veit im Pongau auf der Salzburger Sonnenterrasse ist immer was los! Erleben Sie eine der zahlreichen Brauchtumsveranstaltungen, besuchen Sie das ein oder andere Konzert oder lassen Sie sich von Events in der Region inspirieren. Rupert und Nora&#8230; <a class=\"view-article\" href=\"https:\/\/www.urlaub-am-bognerhof.at\/de\/rundherum\/ausflugsziele\/\">Artikel ansehen<\/a>","protected":false},"author":86,"featured_media":0,"parent":28,"menu_order":2,"comment_status":"closed","ping_status":"closed","template":"","meta":[],"_links":{"self":[{"href":"https:\/\/www.urlaub-am-bognerhof.at\/de\/wp-json\/wp\/v2\/pages\/195"}],"collection":[{"href":"https:\/\/www.urlaub-am-bognerhof.at\/de\/wp-json\/wp\/v2\/pages"}],"about":[{"href":"https:\/\/www.urlaub-am-bognerhof.at\/de\/wp-json\/wp\/v2\/types\/page"}],"author":[{"embeddable":true,"href":"https:\/\/www.urlaub-am-bognerhof.at\/de\/wp-json\/wp\/v2\/users\/86"}],"replies":[{"embeddable":true,"href":"https:\/\/www.urlaub-am-bognerhof.at\/de\/wp-json\/wp\/v2\/comments?post=195"}],"version-history":[{"count":0,"href":"https:\/\/www.urlaub-am-bognerhof.at\/de\/wp-json\/wp\/v2\/pages\/195\/revisions"}],"up":[{"embeddable":true,"href":"https:\/\/www.urlaub-am-bognerhof.at\/de\/wp-json\/wp\/v2\/pages\/28"}],"wp:attachment":[{"href":"https:\/\/www.urlaub-am-bognerhof.at\/de\/wp-json\/wp\/v2\/media?parent=195"}],"curies":[{"name":"wp","href":"https:\/\/api.w.org\/{rel}","templated":true}]}}