{"id":20,"date":"2019-06-09T10:30:35","date_gmt":"2019-06-09T08:30:35","guid":{"rendered":"\/bognerhof\/?page_id=20"},"modified":"2020-05-25T20:38:13","modified_gmt":"2020-05-25T18:38:13","slug":"wohnen","status":"publish","type":"page","link":"https:\/\/www.urlaub-am-bognerhof.at\/de\/wohnen\/","title":{"rendered":"Wohnen"},"content":{"rendered":"\t\t<div data-elementor-type=\"wp-page\" data-elementor-id=\"20\" class=\"elementor elementor-20\" data-elementor-post-type=\"page\">\n\t\t\t\t\t\t<section class=\"elementor-section elementor-top-section elementor-element elementor-element-f298aff elementor-section-boxed elementor-section-height-default elementor-section-height-default\" data-id=\"f298aff\" data-element_type=\"section\">\n\t\t\t\t\t\t<div class=\"elementor-container elementor-column-gap-default\">\n\t\t\t\t\t<div class=\"elementor-column elementor-col-100 elementor-top-column elementor-element elementor-element-2f0fc5b\" data-id=\"2f0fc5b\" data-element_type=\"column\">\n\t\t\t<div class=\"elementor-widget-wrap elementor-element-populated\">\n\t\t\t\t\t\t<div class=\"elementor-element elementor-element-48871fe elementor-widget elementor-widget-text-editor\" data-id=\"48871fe\" data-element_type=\"widget\" data-widget_type=\"text-editor.default\">\n\t\t\t\t<div class=\"elementor-widget-container\">\n\t\t\t\t\t\t\t<h1>Ferienwohnung &amp; Chalet in St. Veit im Pongau<\/h1><h2>Familienurlaub am Bio-Bauernhof<\/h2><p>Sie suchen eine Unterkunft im wundersch\u00f6nen Salzburger Land? Eine traumhafte Lage, ein herrlicher Panoramablick und die N\u00e4he zu unz\u00e4hligen bekannten Ausflugsgebieten warten auf Sie am Bognerhof in St. Veit. Top: Der Bio-Bauernhof liegt auf einer Anh\u00f6he oberhalb vom Ortskern, welcher in nur 10 Minuten zu Fu\u00df erreichbar ist \u2013 perfekt f\u00fcr Ihren Familienurlaub!<\/p>\t\t\t\t\t\t<\/div>\n\t\t\t\t<\/div>\n\t\t\t\t<div class=\"elementor-element elementor-element-d8e4720 elementor-align-left elementor-widget elementor-widget-button\" data-id=\"d8e4720\" data-element_type=\"widget\" data-widget_type=\"button.default\">\n\t\t\t\t<div class=\"elementor-widget-container\">\n\t\t\t\t\t<div class=\"elementor-button-wrapper\">\n\t\t\t<a class=\"elementor-button elementor-button-link elementor-size-sm\" href=\"https:\/\/www.urlaub-am-bognerhof.at\/preise\/sommerpreise\/\">\n\t\t\t\t\t\t<span class=\"elementor-button-content-wrapper\">\n\t\t\t\t\t\t\t\t\t<span class=\"elementor-button-text\">ZU DEN ANGEBOTEN<\/span>\n\t\t\t\t\t<\/span>\n\t\t\t\t\t<\/a>\n\t\t<\/div>\n\t\t\t\t<\/div>\n\t\t\t\t<\/div>\n\t\t\t\t\t<\/div>\n\t\t<\/div>\n\t\t\t\t\t<\/div>\n\t\t<\/section>\n\t\t\t\t<section class=\"elementor-section elementor-inner-section elementor-element elementor-element-5ffeb38e elementor-reverse-tablet elementor-reverse-mobile elementor-section-boxed elementor-section-height-default elementor-section-height-default\" data-id=\"5ffeb38e\" data-element_type=\"section\">\n\t\t\t\t\t\t<div class=\"elementor-container elementor-column-gap-default\">\n\t\t\t\t\t<div class=\"elementor-column elementor-col-50 elementor-inner-column elementor-element elementor-element-77fb4463\" data-id=\"77fb4463\" data-element_type=\"column\">\n\t\t\t<div class=\"elementor-widget-wrap elementor-element-populated\">\n\t\t\t\t\t\t<div class=\"elementor-element elementor-element-152429c1 elementor-widget elementor-widget-image\" data-id=\"152429c1\" data-element_type=\"widget\" data-widget_type=\"image.default\">\n\t\t\t\t<div class=\"elementor-widget-container\">\n\t\t\t\t\t\t\t\t\t\t\t\t\t<img fetchpriority=\"high\" decoding=\"async\" width=\"700\" height=\"467\" src=\"https:\/\/www.urlaub-am-bognerhof.at\/wp-content\/uploads\/2019\/06\/bognerhof-urlaub-st-veit-ferienwohnung-chalet-14-700x467.jpg\" class=\"attachment-large size-large wp-image-249\" alt=\"bognerhof urlaub st veit ferienwohnung chalet\" srcset=\"https:\/\/www.urlaub-am-bognerhof.at\/wp-content\/uploads\/2019\/06\/bognerhof-urlaub-st-veit-ferienwohnung-chalet-14-700x467.jpg 700w, https:\/\/www.urlaub-am-bognerhof.at\/wp-content\/uploads\/2019\/06\/bognerhof-urlaub-st-veit-ferienwohnung-chalet-14-250x167.jpg 250w, https:\/\/www.urlaub-am-bognerhof.at\/wp-content\/uploads\/2019\/06\/bognerhof-urlaub-st-veit-ferienwohnung-chalet-14-768x512.jpg 768w, https:\/\/www.urlaub-am-bognerhof.at\/wp-content\/uploads\/2019\/06\/bognerhof-urlaub-st-veit-ferienwohnung-chalet-14-120x80.jpg 120w, https:\/\/www.urlaub-am-bognerhof.at\/wp-content\/uploads\/2019\/06\/bognerhof-urlaub-st-veit-ferienwohnung-chalet-14.jpg 1200w\" sizes=\"(max-width: 700px) 100vw, 700px\" \/>\t\t\t\t\t\t\t\t\t\t\t\t\t<\/div>\n\t\t\t\t<\/div>\n\t\t\t\t\t<\/div>\n\t\t<\/div>\n\t\t\t\t<div class=\"elementor-column elementor-col-50 elementor-inner-column elementor-element elementor-element-566999d0\" data-id=\"566999d0\" data-element_type=\"column\">\n\t\t\t<div class=\"elementor-widget-wrap elementor-element-populated\">\n\t\t\t\t\t\t<div class=\"elementor-element elementor-element-1152a9a9 elementor-widget elementor-widget-text-editor\" data-id=\"1152a9a9\" data-element_type=\"widget\" data-widget_type=\"text-editor.default\">\n\t\t\t\t<div class=\"elementor-widget-container\">\n\t\t\t\t\t\t\t<h3>Ferienwohnung: gem\u00fctlich &amp; sonnig<\/h3><p>Genie\u00dfen Sie Ihren Urlaub in der bestens ausgestatteten und liebevoll eingerichteten Ferienwohnung f\u00fcr 4 bis 6 Personen mit eigener Terrasse im Gr\u00fcnen. Tanken Sie Kraft in den Zirben-Schlafzimmern oder der exklusiven Infrarotkabine.<\/p>\t\t\t\t\t\t<\/div>\n\t\t\t\t<\/div>\n\t\t\t\t<div class=\"elementor-element elementor-element-4f0d2194 elementor-align-left elementor-widget elementor-widget-button\" data-id=\"4f0d2194\" data-element_type=\"widget\" data-widget_type=\"button.default\">\n\t\t\t\t<div class=\"elementor-widget-container\">\n\t\t\t\t\t<div class=\"elementor-button-wrapper\">\n\t\t\t<a class=\"elementor-button elementor-button-link elementor-size-sm\" href=\"https:\/\/www.urlaub-am-bognerhof.at\/wohnen\/ferienwohnung\/\">\n\t\t\t\t\t\t<span class=\"elementor-button-content-wrapper\">\n\t\t\t\t\t\t\t\t\t<span class=\"elementor-button-text\">ZUR FERIENWOHNUNG<\/span>\n\t\t\t\t\t<\/span>\n\t\t\t\t\t<\/a>\n\t\t<\/div>\n\t\t\t\t<\/div>\n\t\t\t\t<\/div>\n\t\t\t\t\t<\/div>\n\t\t<\/div>\n\t\t\t\t\t<\/div>\n\t\t<\/section>\n\t\t\t\t<section class=\"elementor-section elementor-inner-section elementor-element elementor-element-2241b478 elementor-section-boxed elementor-section-height-default elementor-section-height-default\" data-id=\"2241b478\" data-element_type=\"section\">\n\t\t\t\t\t\t<div class=\"elementor-container elementor-column-gap-default\">\n\t\t\t\t\t<div class=\"elementor-column elementor-col-50 elementor-inner-column elementor-element elementor-element-30f49604\" data-id=\"30f49604\" data-element_type=\"column\">\n\t\t\t<div class=\"elementor-widget-wrap elementor-element-populated\">\n\t\t\t\t\t\t<div class=\"elementor-element elementor-element-403f68a8 elementor-widget elementor-widget-text-editor\" data-id=\"403f68a8\" data-element_type=\"widget\" data-widget_type=\"text-editor.default\">\n\t\t\t\t<div class=\"elementor-widget-container\">\n\t\t\t\t\t\t\t<h3>Chalet: authentisch &amp; modern<\/h3><p>Urlaub am Bauernhof mit allem erdenklichen Komfort? Neu ab Sommer 2019: Das luxuri\u00f6se aber heimelig eingerichtete Ferienhaus mit Panoramablick und gleich vier Schlafzimmern f\u00fcr bis zu 12 Personen.<\/p>\t\t\t\t\t\t<\/div>\n\t\t\t\t<\/div>\n\t\t\t\t<div class=\"elementor-element elementor-element-39cd6be6 elementor-align-left elementor-widget elementor-widget-button\" data-id=\"39cd6be6\" data-element_type=\"widget\" data-widget_type=\"button.default\">\n\t\t\t\t<div class=\"elementor-widget-container\">\n\t\t\t\t\t<div class=\"elementor-button-wrapper\">\n\t\t\t<a class=\"elementor-button elementor-button-link elementor-size-sm\" href=\"https:\/\/www.urlaub-am-bognerhof.at\/de\/wohnen\/chalet\/\">\n\t\t\t\t\t\t<span class=\"elementor-button-content-wrapper\">\n\t\t\t\t\t\t\t\t\t<span class=\"elementor-button-text\">ZUM CHALET<\/span>\n\t\t\t\t\t<\/span>\n\t\t\t\t\t<\/a>\n\t\t<\/div>\n\t\t\t\t<\/div>\n\t\t\t\t<\/div>\n\t\t\t\t\t<\/div>\n\t\t<\/div>\n\t\t\t\t<div class=\"elementor-column elementor-col-50 elementor-inner-column elementor-element elementor-element-2d300448\" data-id=\"2d300448\" data-element_type=\"column\">\n\t\t\t<div class=\"elementor-widget-wrap elementor-element-populated\">\n\t\t\t\t\t\t<div class=\"elementor-element elementor-element-5ed703b1 elementor-widget elementor-widget-image\" data-id=\"5ed703b1\" data-element_type=\"widget\" data-widget_type=\"image.default\">\n\t\t\t\t<div class=\"elementor-widget-container\">\n\t\t\t\t\t\t\t\t\t\t\t\t\t<img decoding=\"async\" width=\"700\" height=\"467\" src=\"https:\/\/www.urlaub-am-bognerhof.at\/wp-content\/uploads\/2019\/10\/chalet_bognerhof-19-700x467.jpg\" class=\"attachment-large size-large wp-image-725\" alt=\"chalet bognerhof\" srcset=\"https:\/\/www.urlaub-am-bognerhof.at\/wp-content\/uploads\/2019\/10\/chalet_bognerhof-19-700x467.jpg 700w, https:\/\/www.urlaub-am-bognerhof.at\/wp-content\/uploads\/2019\/10\/chalet_bognerhof-19-250x167.jpg 250w, https:\/\/www.urlaub-am-bognerhof.at\/wp-content\/uploads\/2019\/10\/chalet_bognerhof-19-768x512.jpg 768w, https:\/\/www.urlaub-am-bognerhof.at\/wp-content\/uploads\/2019\/10\/chalet_bognerhof-19-120x80.jpg 120w, https:\/\/www.urlaub-am-bognerhof.at\/wp-content\/uploads\/2019\/10\/chalet_bognerhof-19.jpg 1200w\" sizes=\"(max-width: 700px) 100vw, 700px\" \/>\t\t\t\t\t\t\t\t\t\t\t\t\t<\/div>\n\t\t\t\t<\/div>\n\t\t\t\t\t<\/div>\n\t\t<\/div>\n\t\t\t\t\t<\/div>\n\t\t<\/section>\n\t\t\t\t<section class=\"elementor-section elementor-top-section elementor-element elementor-element-b21dedd elementor-section-boxed elementor-section-height-default elementor-section-height-default\" data-id=\"b21dedd\" data-element_type=\"section\">\n\t\t\t\t\t\t<div class=\"elementor-container elementor-column-gap-default\">\n\t\t\t\t\t<div class=\"elementor-column elementor-col-100 elementor-top-column elementor-element elementor-element-f61fcfb\" data-id=\"f61fcfb\" data-element_type=\"column\">\n\t\t\t<div class=\"elementor-widget-wrap elementor-element-populated\">\n\t\t\t\t\t\t<div class=\"elementor-element elementor-element-9b05104 elementor-widget elementor-widget-text-editor\" data-id=\"9b05104\" data-element_type=\"widget\" data-widget_type=\"text-editor.default\">\n\t\t\t\t<div class=\"elementor-widget-container\">\n\t\t\t\t\t\t\t<p>Rupert und Nora setzen alles daran, damit Ihr Urlaub ein unvergesslicher wird. Ganz klar, dass Ihre Gastgeber die erste Anlaufstelle sind, wenn es um Ausk\u00fcnfte und Tipps f\u00fcr Aktivit\u00e4ten in der Umgebung geht.<\/p>\t\t\t\t\t\t<\/div>\n\t\t\t\t<\/div>\n\t\t\t\t<div class=\"elementor-element elementor-element-4308e40 elementor-align-left elementor-widget elementor-widget-button\" data-id=\"4308e40\" data-element_type=\"widget\" data-widget_type=\"button.default\">\n\t\t\t\t<div class=\"elementor-widget-container\">\n\t\t\t\t\t<div class=\"elementor-button-wrapper\">\n\t\t\t<a class=\"elementor-button elementor-button-link elementor-size-sm\" href=\"https:\/\/www.urlaub-am-bognerhof.at\/gastgeber\/\">\n\t\t\t\t\t\t<span class=\"elementor-button-content-wrapper\">\n\t\t\t\t\t\t\t\t\t<span class=\"elementor-button-text\">GASTGEBER KENNENLERNEN<\/span>\n\t\t\t\t\t<\/span>\n\t\t\t\t\t<\/a>\n\t\t<\/div>\n\t\t\t\t<\/div>\n\t\t\t\t<\/div>\n\t\t\t\t\t<\/div>\n\t\t<\/div>\n\t\t\t\t\t<\/div>\n\t\t<\/section>\n\t\t\t\t<\/div>\n\t\t","protected":false},"excerpt":{"rendered":"Ferienwohnung &amp; Chalet in St. Veit im Pongau Familienurlaub am Bio-Bauernhof Sie suchen eine Unterkunft im wundersch\u00f6nen Salzburger Land? Eine traumhafte Lage, ein herrlicher Panoramablick und die N\u00e4he zu unz\u00e4hligen bekannten Ausflugsgebieten warten auf Sie am Bognerhof in St. Veit. Top: Der Bio-Bauernhof liegt auf einer Anh\u00f6he oberhalb vom Ortskern, welcher in nur 10 Minuten&#8230; <a class=\"view-article\" href=\"https:\/\/www.urlaub-am-bognerhof.at\/de\/wohnen\/\">Artikel ansehen<\/a>","protected":false},"author":86,"featured_media":0,"parent":0,"menu_order":1,"comment_status":"closed","ping_status":"closed","template":"","meta":[],"_links":{"self":[{"href":"https:\/\/www.urlaub-am-bognerhof.at\/de\/wp-json\/wp\/v2\/pages\/20"}],"collection":[{"href":"https:\/\/www.urlaub-am-bognerhof.at\/de\/wp-json\/wp\/v2\/pages"}],"about":[{"href":"https:\/\/www.urlaub-am-bognerhof.at\/de\/wp-json\/wp\/v2\/types\/page"}],"author":[{"embeddable":true,"href":"https:\/\/www.urlaub-am-bognerhof.at\/de\/wp-json\/wp\/v2\/users\/86"}],"replies":[{"embeddable":true,"href":"https:\/\/www.urlaub-am-bognerhof.at\/de\/wp-json\/wp\/v2\/comments?post=20"}],"version-history":[{"count":0,"href":"https:\/\/www.urlaub-am-bognerhof.at\/de\/wp-json\/wp\/v2\/pages\/20\/revisions"}],"wp:attachment":[{"href":"https:\/\/www.urlaub-am-bognerhof.at\/de\/wp-json\/wp\/v2\/media?parent=20"}],"curies":[{"name":"wp","href":"https:\/\/api.w.org\/{rel}","templated":true}]}}