{"id":32,"date":"2019-06-09T10:54:18","date_gmt":"2019-06-09T08:54:18","guid":{"rendered":"\/bognerhof\/?page_id=32"},"modified":"2023-02-07T10:46:25","modified_gmt":"2023-02-07T09:46:25","slug":"impressum","status":"publish","type":"page","link":"https:\/\/www.urlaub-am-bognerhof.at\/de\/impressum\/","title":{"rendered":"Impressum"},"content":{"rendered":"\t\t<div data-elementor-type=\"wp-page\" data-elementor-id=\"32\" class=\"elementor elementor-32\" data-elementor-post-type=\"page\">\n\t\t\t\t\t\t<section class=\"elementor-section elementor-top-section elementor-element elementor-element-4f2c5b40 elementor-section-boxed elementor-section-height-default elementor-section-height-default\" data-id=\"4f2c5b40\" data-element_type=\"section\">\n\t\t\t\t\t\t<div class=\"elementor-container elementor-column-gap-default\">\n\t\t\t\t\t<div class=\"elementor-column elementor-col-100 elementor-top-column elementor-element elementor-element-60260be6\" data-id=\"60260be6\" data-element_type=\"column\">\n\t\t\t<div class=\"elementor-widget-wrap elementor-element-populated\">\n\t\t\t\t\t\t<div class=\"elementor-element elementor-element-13aa87f7 pw_text elementor-widget elementor-widget-text-editor\" data-id=\"13aa87f7\" data-element_type=\"widget\" data-widget_type=\"text-editor.default\">\n\t\t\t\t<div class=\"elementor-widget-container\">\n\t\t\t\t\t\t\t<h1>Impressum&nbsp;<\/h1>\n<h2>Bognerhof<\/h2>\n<p><br><\/p>\n<p><strong>&nbsp;<\/strong><\/p>\n<p><strong>Der Bognerhof<\/strong><br>Familie Gr\u00fcnwald Nora und Rupert<\/p>\n<p>Pichl-Dorf 15a<br>5621 Sankt Veit im Pongau<\/p>\n<p>Telefon: +43 6415 20605<\/p>\n<hr>\n<p><strong>Urspr\u00fcngliche technische Umsetzung, Konzept &amp; Screendesign<\/strong><br>pinzweb.at GmbH &amp; Co KG<br>Raiffeisenstra\u00dfe 4 (Erdgescho\u00df)<br>A-5671 Bruck an der Gro\u00dfglocknerstra\u00dfe<\/p>\n<p>Tel.: +43 (0) 6545 20340<br>Fax: +43 (0) 6545 20340-1<br>E-Mail: <a class=\"noAjaxAni\" href=\"mailto:office@pinzweb.at\">office@pinzweb.at<\/a><\/p>\n<hr>\n<p><strong>Technisches Management:<\/strong><br>obinet GmbH<br>Salzburgerstra\u00dfe 55<br>5620 Schwarzach<br><a class=\"c-link\" tabindex=\"-1\" href=\"mailto:support@obinet.at\" target=\"_blank\" rel=\"noopener noreferrer\" data-stringify-link=\"mailto:support@obinet.at\" data-sk=\"tooltip_parent\" aria-haspopup=\"menu\" aria-expanded=\"false\" data-remove-tab-index=\"true\">support@obinet.at<\/a><\/p>\t\t\t\t\t\t<\/div>\n\t\t\t\t<\/div>\n\t\t\t\t\t<\/div>\n\t\t<\/div>\n\t\t\t\t\t<\/div>\n\t\t<\/section>\n\t\t\t\t<\/div>\n\t\t","protected":false},"excerpt":{"rendered":"Impressum&nbsp; Bognerhof &nbsp; Der BognerhofFamilie Gr\u00fcnwald Nora und Rupert Pichl-Dorf 15a5621 Sankt Veit im Pongau Telefon: +43 6415 20605 Urspr\u00fcngliche technische Umsetzung, Konzept &amp; Screendesignpinzweb.at GmbH &amp; Co KGRaiffeisenstra\u00dfe 4 (Erdgescho\u00df)A-5671 Bruck an der Gro\u00dfglocknerstra\u00dfe Tel.: +43 (0) 6545 20340Fax: +43 (0) 6545 20340-1E-Mail: office@pinzweb.at Technisches Management:obinet GmbHSalzburgerstra\u00dfe 555620 Schwarzachsupport@obinet.at","protected":false},"author":86,"featured_media":0,"parent":0,"menu_order":4,"comment_status":"closed","ping_status":"closed","template":"","meta":[],"_links":{"self":[{"href":"https:\/\/www.urlaub-am-bognerhof.at\/de\/wp-json\/wp\/v2\/pages\/32"}],"collection":[{"href":"https:\/\/www.urlaub-am-bognerhof.at\/de\/wp-json\/wp\/v2\/pages"}],"about":[{"href":"https:\/\/www.urlaub-am-bognerhof.at\/de\/wp-json\/wp\/v2\/types\/page"}],"author":[{"embeddable":true,"href":"https:\/\/www.urlaub-am-bognerhof.at\/de\/wp-json\/wp\/v2\/users\/86"}],"replies":[{"embeddable":true,"href":"https:\/\/www.urlaub-am-bognerhof.at\/de\/wp-json\/wp\/v2\/comments?post=32"}],"version-history":[{"count":0,"href":"https:\/\/www.urlaub-am-bognerhof.at\/de\/wp-json\/wp\/v2\/pages\/32\/revisions"}],"wp:attachment":[{"href":"https:\/\/www.urlaub-am-bognerhof.at\/de\/wp-json\/wp\/v2\/media?parent=32"}],"curies":[{"name":"wp","href":"https:\/\/api.w.org\/{rel}","templated":true}]}}