{"id":37,"date":"2019-06-09T10:56:59","date_gmt":"2019-06-09T08:56:59","guid":{"rendered":"\/bognerhof\/?page_id=37"},"modified":"2020-12-07T17:54:09","modified_gmt":"2020-12-07T16:54:09","slug":"lage","status":"publish","type":"page","link":"https:\/\/www.urlaub-am-bognerhof.at\/de\/wohnen\/lage\/","title":{"rendered":"Lage"},"content":{"rendered":"\t\t<div data-elementor-type=\"wp-page\" data-elementor-id=\"37\" class=\"elementor elementor-37\" data-elementor-post-type=\"page\">\n\t\t\t\t\t\t<section class=\"elementor-section elementor-top-section elementor-element elementor-element-999bbac elementor-section-boxed elementor-section-height-default elementor-section-height-default\" data-id=\"999bbac\" data-element_type=\"section\">\n\t\t\t\t\t\t<div class=\"elementor-container elementor-column-gap-default\">\n\t\t\t\t\t<div class=\"elementor-column elementor-col-100 elementor-top-column elementor-element elementor-element-8bc779a\" data-id=\"8bc779a\" data-element_type=\"column\">\n\t\t\t<div class=\"elementor-widget-wrap elementor-element-populated\">\n\t\t\t\t\t\t<div class=\"elementor-element elementor-element-9cf6944 elementor-widget elementor-widget-text-editor\" data-id=\"9cf6944\" data-element_type=\"widget\" data-widget_type=\"text-editor.default\">\n\t\t\t\t<div class=\"elementor-widget-container\">\n\t\t\t\t\t\t\t<h1>Ihre Unterkunft in St. Veit<br \/>nahe St. Johann im Pongau<\/h1>\t\t\t\t\t\t<\/div>\n\t\t\t\t<\/div>\n\t\t\t\t\t<\/div>\n\t\t<\/div>\n\t\t\t\t\t<\/div>\n\t\t<\/section>\n\t\t\t\t<section class=\"elementor-section elementor-top-section elementor-element elementor-element-ae49421 elementor-section-boxed elementor-section-height-default elementor-section-height-default\" data-id=\"ae49421\" data-element_type=\"section\">\n\t\t\t\t\t\t<div class=\"elementor-container elementor-column-gap-default\">\n\t\t\t\t\t<div class=\"elementor-column elementor-col-50 elementor-top-column elementor-element elementor-element-57ec207\" data-id=\"57ec207\" data-element_type=\"column\">\n\t\t\t<div class=\"elementor-widget-wrap elementor-element-populated\">\n\t\t\t\t\t\t<div class=\"elementor-element elementor-element-acd8c0b elementor-widget elementor-widget-text-editor\" data-id=\"acd8c0b\" data-element_type=\"widget\" data-widget_type=\"text-editor.default\">\n\t\t\t\t<div class=\"elementor-widget-container\">\n\t\t\t\t\t\t\t<h3>Lage<\/h3><p>Der Bognerhof liegt ruhig und sonnig, nur 10 Minuten zu Fu\u00df vom Ortszentrum entfernt. Der Einstieg zur Skipiste des \u00dcbungsliftes befindet sich 150 m unterhalb des Hauses. Die n\u00e4chste Bushaltestelle ist ca. 100 m entfernt. Goldegg und St. Johann im Pongau sind lediglich ca. 10 Autominuten entfernt.<br \/><br \/>Sie k\u00f6nnen Ihre Unterkunft w\u00e4hrend des ganzen Jahres problemlos mit dem Auto erreichen, das Parken ist nat\u00fcrlich kostenfrei.<\/p><hr \/><h3>Anreise<\/h3><p><strong>Anfahrt mit dem Auto:<\/strong><\/p><p>Von Salzburg (65 km), M\u00fcnchen (195 km), Wien (365 km) oder Villach (160 km) nehmen Sie die Tauernautobahn (A10) bis zur Abfahrt Bischofshofen (Exit 47) und nehmen die Pinzgauer Stra\u00dfe (B 311) nach St. Veit im Pongau.<\/p>\t\t\t\t\t\t<\/div>\n\t\t\t\t<\/div>\n\t\t\t\t\t<\/div>\n\t\t<\/div>\n\t\t\t\t<div class=\"elementor-column elementor-col-50 elementor-top-column elementor-element elementor-element-270cfe4\" data-id=\"270cfe4\" data-element_type=\"column\">\n\t\t\t<div class=\"elementor-widget-wrap elementor-element-populated\">\n\t\t\t\t\t\t<div class=\"elementor-element elementor-element-772b000 elementor-widget elementor-widget-google_maps\" data-id=\"772b000\" data-element_type=\"widget\" data-widget_type=\"google_maps.default\">\n\t\t\t\t<div class=\"elementor-widget-container\">\n\t\t\t\t\t<div class=\"elementor-custom-embed\">\n\t\t\t<iframe loading=\"lazy\"\n\t\t\t\t\tsrc=\"https:\/\/maps.google.com\/maps?q=Bognerhof%2C%20Pichl-Dorf%2015%20a&#038;t=m&#038;z=11&#038;output=embed&#038;iwloc=near\"\n\t\t\t\t\ttitle=\"Bognerhof, Pichl-Dorf 15 a\"\n\t\t\t\t\taria-label=\"Bognerhof, Pichl-Dorf 15 a\"\n\t\t\t><\/iframe>\n\t\t<\/div>\n\t\t\t\t<\/div>\n\t\t\t\t<\/div>\n\t\t\t\t\t<\/div>\n\t\t<\/div>\n\t\t\t\t\t<\/div>\n\t\t<\/section>\n\t\t\t\t<\/div>\n\t\t","protected":false},"excerpt":{"rendered":"Ihre Unterkunft in St. Veit nahe St. Johann im Pongau Lage Der Bognerhof liegt ruhig und sonnig, nur 10 Minuten zu Fu\u00df vom Ortszentrum entfernt. Der Einstieg zur Skipiste des \u00dcbungsliftes befindet sich 150 m unterhalb des Hauses. Die n\u00e4chste Bushaltestelle ist ca. 100 m entfernt. Goldegg und St. Johann im Pongau sind lediglich ca&#8230;. <a class=\"view-article\" href=\"https:\/\/www.urlaub-am-bognerhof.at\/de\/wohnen\/lage\/\">Artikel ansehen<\/a>","protected":false},"author":86,"featured_media":0,"parent":20,"menu_order":4,"comment_status":"closed","ping_status":"closed","template":"","meta":[],"_links":{"self":[{"href":"https:\/\/www.urlaub-am-bognerhof.at\/de\/wp-json\/wp\/v2\/pages\/37"}],"collection":[{"href":"https:\/\/www.urlaub-am-bognerhof.at\/de\/wp-json\/wp\/v2\/pages"}],"about":[{"href":"https:\/\/www.urlaub-am-bognerhof.at\/de\/wp-json\/wp\/v2\/types\/page"}],"author":[{"embeddable":true,"href":"https:\/\/www.urlaub-am-bognerhof.at\/de\/wp-json\/wp\/v2\/users\/86"}],"replies":[{"embeddable":true,"href":"https:\/\/www.urlaub-am-bognerhof.at\/de\/wp-json\/wp\/v2\/comments?post=37"}],"version-history":[{"count":0,"href":"https:\/\/www.urlaub-am-bognerhof.at\/de\/wp-json\/wp\/v2\/pages\/37\/revisions"}],"up":[{"embeddable":true,"href":"https:\/\/www.urlaub-am-bognerhof.at\/de\/wp-json\/wp\/v2\/pages\/20"}],"wp:attachment":[{"href":"https:\/\/www.urlaub-am-bognerhof.at\/de\/wp-json\/wp\/v2\/media?parent=37"}],"curies":[{"name":"wp","href":"https:\/\/api.w.org\/{rel}","templated":true}]}}